{"id":2147,"date":"2015-03-17T13:02:11","date_gmt":"2015-03-17T10:02:11","guid":{"rendered":"http:\/\/uusiatuulia.fi\/?page_id=2147"},"modified":"2017-06-09T11:44:27","modified_gmt":"2017-06-09T09:44:27","slug":"good-morning-by-tuulia-fi","status":"publish","type":"page","link":"http:\/\/tuulia.co\/fi\/good-morning-by-tuulia-fi\/","title":{"rendered":"Good morning by Tuulia"},"content":{"rendered":"<p style=\"text-align: left;\">Heipparallaa! Kiitos,\u00a0kun liityit postistuslistalleni. T\u00e4st\u00e4 l\u00e4htien saat s\u00e4hk\u00f6postin, kun blogiin ilmestyy\u00a0uusi kirjoitus. Mutta \u00e4l\u00e4 huoli, en aio h\u00e4irit\u00e4\u00a0sinua roskapostilla.<\/p>\n<p style=\"text-align: left;\">Jos kaipaat inspiraatiota aamupalahetkiin, lataa alta ilmainen aamupalakirjani\u00a0klikkaamalla kuvaa. Iloisia ja herkullisia aamupalahetki\u00e4!<\/p>\n<p><a href=\"http:\/\/tuulia.co\/wp-content\/uploads\/2017\/06\/Good-morning-by-Tuulia__FI.pdf\" target=\"_blank\" rel=\"noopener noreferrer\"><img data-recalc-dims=\"1\" loading=\"lazy\" decoding=\"async\" class=\"aligncenter wp-image-5596 size-full\" src=\"https:\/\/i0.wp.com\/tuulia.co\/wp-content\/uploads\/2015\/03\/pysty_pienempi.jpg?resize=500%2C708\" alt=\"\" width=\"500\" height=\"708\" srcset=\"https:\/\/i0.wp.com\/tuulia.co\/wp-content\/uploads\/2015\/03\/pysty_pienempi.jpg?w=500 500w, https:\/\/i0.wp.com\/tuulia.co\/wp-content\/uploads\/2015\/03\/pysty_pienempi.jpg?resize=212%2C300 212w, https:\/\/i0.wp.com\/tuulia.co\/wp-content\/uploads\/2015\/03\/pysty_pienempi.jpg?resize=400%2C566 400w\" sizes=\"auto, (max-width: 500px) 100vw, 500px\" \/><\/a><\/p>\n<p style=\"text-align: center;\"><strong>#tuuliablog<\/strong><br \/>\n<strong>#goodmorningbytuulia<\/strong><\/p>\n<p><\/p>","protected":false},"excerpt":{"rendered":"<p>Heipparallaa! Kiitos,\u00a0kun liityit postistuslistalleni. T\u00e4st\u00e4 l\u00e4htien saat s\u00e4hk\u00f6postin, kun blogiin ilmestyy\u00a0uusi kirjoitus. Mutta \u00e4l\u00e4 huoli, en aio h\u00e4irit\u00e4\u00a0sinua roskapostilla. Jos kaipaat inspiraatiota aamupalahetkiin, lataa alta ilmainen aamupalakirjani\u00a0klikkaamalla kuvaa. Iloisia ja herkullisia aamupalahetki\u00e4! #tuuliablog #goodmorningbytuulia<\/p>\n","protected":false},"author":1,"featured_media":0,"parent":0,"menu_order":0,"comment_status":"closed","ping_status":"closed","template":"","meta":{"_monsterinsights_skip_tracking":false,"_monsterinsights_sitenote_active":false,"_monsterinsights_sitenote_note":"","_monsterinsights_sitenote_category":0,"jetpack_post_was_ever_published":false,"_vp_format_video_url":"","_vp_image_focal_point":[],"footnotes":""},"class_list":["post-2147","page","type-page","status-publish","hentry",""],"yoast_head":"<!-- This site is optimized with the Yoast SEO plugin v23.0 - https:\/\/yoast.com\/wordpress\/plugins\/seo\/ -->\n<title>Good morning by Tuulia &#187; Tuulia<\/title>\n<meta name=\"robots\" content=\"index, follow, max-snippet:-1, max-image-preview:large, max-video-preview:-1\" \/>\n<link rel=\"canonical\" href=\"http:\/\/tuulia.co\/fi\/good-morning-by-tuulia-fi\/\" \/>\n<meta property=\"og:locale\" content=\"fi_FI\" \/>\n<meta property=\"og:type\" content=\"article\" \/>\n<meta property=\"og:title\" content=\"Good morning by Tuulia &#187; Tuulia\" \/>\n<meta property=\"og:description\" content=\"Heipparallaa! Kiitos,\u00a0kun liityit postistuslistalleni. T\u00e4st\u00e4 l\u00e4htien saat s\u00e4hk\u00f6postin, kun blogiin ilmestyy\u00a0uusi kirjoitus. Mutta \u00e4l\u00e4 huoli, en aio h\u00e4irit\u00e4\u00a0sinua roskapostilla. Jos kaipaat inspiraatiota aamupalahetkiin, lataa alta ilmainen aamupalakirjani\u00a0klikkaamalla kuvaa. Iloisia ja herkullisia aamupalahetki\u00e4! #tuuliablog #goodmorningbytuulia\" \/>\n<meta property=\"og:url\" content=\"http:\/\/tuulia.co\/fi\/good-morning-by-tuulia-fi\/\" \/>\n<meta property=\"og:site_name\" content=\"Tuulia\" \/>\n<meta property=\"article:publisher\" content=\"https:\/\/www.facebook.com\/tuuliatalvio\" \/>\n<meta property=\"article:modified_time\" content=\"2017-06-09T09:44:27+00:00\" \/>\n<meta property=\"og:image\" content=\"http:\/\/tuulia.co\/wp-content\/uploads\/2015\/03\/pysty_pienempi.jpg\" \/>\n<script type=\"application\/ld+json\" class=\"yoast-schema-graph\">{\"@context\":\"https:\/\/schema.org\",\"@graph\":[{\"@type\":\"WebPage\",\"@id\":\"http:\/\/tuulia.co\/fi\/good-morning-by-tuulia-fi\/\",\"url\":\"http:\/\/tuulia.co\/fi\/good-morning-by-tuulia-fi\/\",\"name\":\"Good morning by Tuulia &#187; Tuulia\",\"isPartOf\":{\"@id\":\"https:\/\/tuulia.co\/#website\"},\"primaryImageOfPage\":{\"@id\":\"http:\/\/tuulia.co\/fi\/good-morning-by-tuulia-fi\/#primaryimage\"},\"image\":{\"@id\":\"http:\/\/tuulia.co\/fi\/good-morning-by-tuulia-fi\/#primaryimage\"},\"thumbnailUrl\":\"http:\/\/tuulia.co\/wp-content\/uploads\/2015\/03\/pysty_pienempi.jpg\",\"datePublished\":\"2015-03-17T10:02:11+00:00\",\"dateModified\":\"2017-06-09T09:44:27+00:00\",\"breadcrumb\":{\"@id\":\"http:\/\/tuulia.co\/fi\/good-morning-by-tuulia-fi\/#breadcrumb\"},\"inLanguage\":\"fi\",\"potentialAction\":[{\"@type\":\"ReadAction\",\"target\":[\"http:\/\/tuulia.co\/fi\/good-morning-by-tuulia-fi\/\"]}]},{\"@type\":\"ImageObject\",\"inLanguage\":\"fi\",\"@id\":\"http:\/\/tuulia.co\/fi\/good-morning-by-tuulia-fi\/#primaryimage\",\"url\":\"http:\/\/tuulia.co\/wp-content\/uploads\/2015\/03\/pysty_pienempi.jpg\",\"contentUrl\":\"http:\/\/tuulia.co\/wp-content\/uploads\/2015\/03\/pysty_pienempi.jpg\"},{\"@type\":\"BreadcrumbList\",\"@id\":\"http:\/\/tuulia.co\/fi\/good-morning-by-tuulia-fi\/#breadcrumb\",\"itemListElement\":[{\"@type\":\"ListItem\",\"position\":1,\"name\":\"Home\",\"item\":\"http:\/\/tuulia.co\/fi\/\"},{\"@type\":\"ListItem\",\"position\":2,\"name\":\"Good morning by Tuulia\"}]},{\"@type\":\"WebSite\",\"@id\":\"https:\/\/tuulia.co\/#website\",\"url\":\"https:\/\/tuulia.co\/\",\"name\":\"Tuulia\",\"description\":\"healthy living + good vibes\",\"potentialAction\":[{\"@type\":\"SearchAction\",\"target\":{\"@type\":\"EntryPoint\",\"urlTemplate\":\"https:\/\/tuulia.co\/?s={search_term_string}\"},\"query-input\":\"required name=search_term_string\"}],\"inLanguage\":\"fi\"}]}<\/script>\n<!-- \/ Yoast SEO plugin. -->","yoast_head_json":{"title":"Good morning by Tuulia &#187; Tuulia","robots":{"index":"index","follow":"follow","max-snippet":"max-snippet:-1","max-image-preview":"max-image-preview:large","max-video-preview":"max-video-preview:-1"},"canonical":"http:\/\/tuulia.co\/fi\/good-morning-by-tuulia-fi\/","og_locale":"fi_FI","og_type":"article","og_title":"Good morning by Tuulia &#187; Tuulia","og_description":"Heipparallaa! Kiitos,\u00a0kun liityit postistuslistalleni. T\u00e4st\u00e4 l\u00e4htien saat s\u00e4hk\u00f6postin, kun blogiin ilmestyy\u00a0uusi kirjoitus. Mutta \u00e4l\u00e4 huoli, en aio h\u00e4irit\u00e4\u00a0sinua roskapostilla. Jos kaipaat inspiraatiota aamupalahetkiin, lataa alta ilmainen aamupalakirjani\u00a0klikkaamalla kuvaa. Iloisia ja herkullisia aamupalahetki\u00e4! #tuuliablog #goodmorningbytuulia","og_url":"http:\/\/tuulia.co\/fi\/good-morning-by-tuulia-fi\/","og_site_name":"Tuulia","article_publisher":"https:\/\/www.facebook.com\/tuuliatalvio","article_modified_time":"2017-06-09T09:44:27+00:00","og_image":[{"url":"http:\/\/tuulia.co\/wp-content\/uploads\/2015\/03\/pysty_pienempi.jpg"}],"schema":{"@context":"https:\/\/schema.org","@graph":[{"@type":"WebPage","@id":"http:\/\/tuulia.co\/fi\/good-morning-by-tuulia-fi\/","url":"http:\/\/tuulia.co\/fi\/good-morning-by-tuulia-fi\/","name":"Good morning by Tuulia &#187; Tuulia","isPartOf":{"@id":"https:\/\/tuulia.co\/#website"},"primaryImageOfPage":{"@id":"http:\/\/tuulia.co\/fi\/good-morning-by-tuulia-fi\/#primaryimage"},"image":{"@id":"http:\/\/tuulia.co\/fi\/good-morning-by-tuulia-fi\/#primaryimage"},"thumbnailUrl":"http:\/\/tuulia.co\/wp-content\/uploads\/2015\/03\/pysty_pienempi.jpg","datePublished":"2015-03-17T10:02:11+00:00","dateModified":"2017-06-09T09:44:27+00:00","breadcrumb":{"@id":"http:\/\/tuulia.co\/fi\/good-morning-by-tuulia-fi\/#breadcrumb"},"inLanguage":"fi","potentialAction":[{"@type":"ReadAction","target":["http:\/\/tuulia.co\/fi\/good-morning-by-tuulia-fi\/"]}]},{"@type":"ImageObject","inLanguage":"fi","@id":"http:\/\/tuulia.co\/fi\/good-morning-by-tuulia-fi\/#primaryimage","url":"http:\/\/tuulia.co\/wp-content\/uploads\/2015\/03\/pysty_pienempi.jpg","contentUrl":"http:\/\/tuulia.co\/wp-content\/uploads\/2015\/03\/pysty_pienempi.jpg"},{"@type":"BreadcrumbList","@id":"http:\/\/tuulia.co\/fi\/good-morning-by-tuulia-fi\/#breadcrumb","itemListElement":[{"@type":"ListItem","position":1,"name":"Home","item":"http:\/\/tuulia.co\/fi\/"},{"@type":"ListItem","position":2,"name":"Good morning by Tuulia"}]},{"@type":"WebSite","@id":"https:\/\/tuulia.co\/#website","url":"https:\/\/tuulia.co\/","name":"Tuulia","description":"healthy living + good vibes","potentialAction":[{"@type":"SearchAction","target":{"@type":"EntryPoint","urlTemplate":"https:\/\/tuulia.co\/?s={search_term_string}"},"query-input":"required name=search_term_string"}],"inLanguage":"fi"}]}},"jetpack_shortlink":"https:\/\/wp.me\/P7j1YI-yD","jetpack_sharing_enabled":false,"_links":{"self":[{"href":"http:\/\/tuulia.co\/fi\/wp-json\/wp\/v2\/pages\/2147","targetHints":{"allow":["GET"]}}],"collection":[{"href":"http:\/\/tuulia.co\/fi\/wp-json\/wp\/v2\/pages"}],"about":[{"href":"http:\/\/tuulia.co\/fi\/wp-json\/wp\/v2\/types\/page"}],"author":[{"embeddable":true,"href":"http:\/\/tuulia.co\/fi\/wp-json\/wp\/v2\/users\/1"}],"replies":[{"embeddable":true,"href":"http:\/\/tuulia.co\/fi\/wp-json\/wp\/v2\/comments?post=2147"}],"version-history":[{"count":0,"href":"http:\/\/tuulia.co\/fi\/wp-json\/wp\/v2\/pages\/2147\/revisions"}],"wp:attachment":[{"href":"http:\/\/tuulia.co\/fi\/wp-json\/wp\/v2\/media?parent=2147"}],"curies":[{"name":"wp","href":"https:\/\/api.w.org\/{rel}","templated":true}]}}