{"id":33,"date":"2014-06-25T12:00:02","date_gmt":"2014-06-25T09:00:02","guid":{"rendered":"http:\/\/uusiatuulia.fi\/?page_id=33"},"modified":"2021-04-08T09:22:57","modified_gmt":"2021-04-08T07:22:57","slug":"tuulia","status":"publish","type":"page","link":"http:\/\/tuulia.co\/fi\/tuulia\/","title":{"rendered":"Tuulia"},"content":{"rendered":"<p>Moikka! Olen Tuulia Talvio. Rakastan ruokaa, aurinkoa, kokkaamista, aikakauslehti\u00e4 sek\u00e4 kaikkea, mik\u00e4 saa minut nauramaan.\u00a0Yleens\u00e4 se on\u00a0mieheni, joka kertoo paljon vitsej\u00e4, jokin h\u00f6lm\u00f6 tv-sarja tai iso\u00e4itini, jonka nauru tarttuu l\u00e4hes v\u00e4litt\u00f6m\u00e4sti.<\/p>\n<p>Olen ollut kiinnostunut ruuasta, ravitsemuksesta ja hyvinvoinnista niin kauan, kuin muistan. Olin 7-vuotias, kun laitoin ensimm\u00e4isen kerran ruokaa (hernekeittoa ja lettuja) yst\u00e4v\u00e4ni kanssa ja siit\u00e4 l\u00e4htien olen nauttinut\u00a0kokkaamisesta niin itselleni kuin perheelleni ja yst\u00e4villeni.<\/p>\n<p>Ruokavalioni ja lempiruokani ovat muuttuneet vuosien my\u00f6t\u00e4, mutta kaikki tuoreet ja raikkaat raaka-aineet\u00a0sek\u00e4 yksinkertaiset ateriat ovat mielest\u00e4ni niit\u00e4 kaikkein herkullisimpia.\u00a0Minulla on keliakia, jonka vuoksi noudatan gluteenitonta ruokavaliota. Pyrin my\u00f6skin v\u00e4lttelem\u00e4\u00e4n suurimmaksi osaksi maitotuotteita, sill\u00e4 ihoni ja vatsani eiv\u00e4t pid\u00e4 niiden nautiskelemisesta erityisemmin. Muuten\u00a0sy\u00f6n l\u00e4hes kaikkea, mutta kokkailupuuhissani valmistuu\u00a0l\u00e4hinn\u00e4\u00a0kasvisruokaa, aamupaloja, erilaisia makeita herkkuja sek\u00e4\u00a0kaikenlaisia naposteltavia. Rakastan rauhallisia, pitki\u00e4 ja runsaita aamupaloja, ja voisin helposti sy\u00f6d\u00e4 vain niit\u00e4\u00a0koko p\u00e4iv\u00e4n.<\/p>\n<p>Blogin kirjoittamisen ja keitti\u00f6ss\u00e4 viett\u00e4m\u00e4ni ajan lis\u00e4ksi ty\u00f6skentelen freelancer-kirjoittajana sek\u00e4 valokuvaajana. Harrastin nuorempana joukkuevoimistelua ja aktiivisen urheilutaustan vuoksi omasta hyvinvoinnistani huolehtiminen on ollut minulle aina hyvin t\u00e4rke\u00e4\u00e4. Oikeanlaisen ravinnon lis\u00e4ksi yrit\u00e4n muistaa lev\u00e4t\u00e4, nukkua ja ottaa rennosti tarpeeksi usein, mutta my\u00f6s liikkua kaikilla sellaisilla tavoilla, jotka ovat mielest\u00e4ni mukavia.\u00a0T\u00e4ll\u00e4 hetkell\u00e4 nautin eniten\u00a0joogasta, tanssimisesta, pitkist\u00e4 k\u00e4velylenkeist\u00e4 ja (v\u00e4h\u00e4n lyhyemmist\u00e4) uintihetkist\u00e4.<\/p>\n<p>Blogini on kokoelma kuulumisiani, ajatuksiani, asioita, jotka innostavat ja houkuttelevat minua sek\u00e4 ajoittaisia onnistumisia p\u00e4ivitt\u00e4isist\u00e4 kokkauspuuhistani. Kiva kun piipahdit ja tervetuloa uudelleen!<\/p>\n<hr \/>\n<p><strong>Tuulia mediassa:<\/strong><\/p>\n<p><em>2018:<\/em><\/p>\n<p><strong>ELLE \u00e0 table:\u00a0<\/strong><a href=\"http:\/\/www.elle.fr\/Elle-a-Table\/Les-dossiers-de-la-redaction\/Dossier-de-la-redac\/Recette-violette\/Cheesecake-aux-myrtilles\">10 recettes pour voir la vie en ultra violet<\/a><\/p>\n<p id=\"page-title\" class=\"title\"><strong>Greatist<\/strong>:<a href=\"https:\/\/greatist.com\/eat\/gluten-free-baked-goods\"> 8 Baked Goods That You&#8217;d Never Guess Are Gluten-Free<\/a><\/p>\n<p><em><br \/>\n2017:<\/em><\/p>\n<p><strong>Brit + Co:<\/strong>\u00a0<a href=\"http:\/\/www.brit.co\/healthy-date-cake-recipes\/\">19 Grain-Free *Date* Cakes to Crush Your Clean-Eating Cravings<\/a><\/p>\n<p><strong>ELLE \u00e0 table:\u00a0<\/strong><a href=\"http:\/\/www.elle.fr\/Elle-a-Table\/Les-dossiers-de-la-redaction\/Dossier-de-la-redac\/Oatmeal\/Porridge-aux-baies-sechees\">Oatmeal: 7 id\u00e9es aux flocons d&#8217;avoine pour un petit-d\u00e9jeuner qui change<\/a><\/p>\n<p><strong>FeedFeed:\u00a0<\/strong><a href=\"https:\/\/thefeedfeed.com\/video\/gluten-free-and-vegan-apple-muffins\">Baking Vegan &amp; Gluten Free Apple Muffins w\/ @tuuliatalvio<\/a><\/p>\n<p><strong>Frankie Magazine:<\/strong>\u00a0<a href=\"http:\/\/www.frankie.com.au\/item\/6547-roasted-sweet-potato-and-capsicum-soup\">Roasted Sweet Potato and Capsicum Soup<\/a><\/p>\n<p><strong>Huffpost Taste:\u00a0<\/strong><a href=\"http:\/\/www.huffingtonpost.com\/entry\/sweet-potato-toast-recipes_us_58ab3d61e4b0a855d1d8ab68\">The Recipes To Help You Get In On The Sweet Potato Toast Trend<\/a><\/p>\n<p><strong>Sugar Helsinki:\u00a0<\/strong><a href=\"http:\/\/sugarhelsinki.com\/luomukaapilla-tuulia-talvio\/\">Luomukaapilla: Tuulia Talvio<\/a><\/p>\n<p><strong>The Rachelian Report:<\/strong> <a href=\"https:\/\/www.therachelianreport.com\/single-post\/2017\/03\/04\/An-Interview-with-Tuulia-Talvio-1\">An Interview with Tuulia Talvio<\/a><\/p>\n<p><em><br \/>\n2016:<\/em><\/p>\n<p><strong>Bloglovin:\u00a0<\/strong><a href=\"https:\/\/blog.bloglovin.com\/blog\/6-porridge-recipes-to-get-your-day-started\">6 Porridge Recipes To Get Your Day Started Right<\/a><\/p>\n<p><strong>Brit + Co:<\/strong>\u00a0<a href=\"http:\/\/www.brit.co\/sweet-potato-toast-recipes\/?utm_source=facebook.com&amp;utm_medium=social&amp;sr_share=facebook\">This New Sweet Potato Toast Trend Will Make You Forget About Bread Forever<\/a><\/p>\n<p><strong>Country Living:<\/strong>\u00a0<a href=\"http:\/\/www.countryliving.com\/food-drinks\/g3806\/sweet-potato-soup\/?slide=9\">10 Sweet Potato Soups You&#8217;ll Crave All Winter Long<\/a><\/p>\n<p><strong>Food Bandits:\u00a0<\/strong><a href=\"http:\/\/www.foodbandits.nl\/morningrituals\/morning-rituals-tuulia\/\">Morning Rituals: Tuulia<\/a><\/p>\n<p><strong>Homemade:<\/strong>\u00a0<a href=\"https:\/\/www.homemadebyyou.co.uk\/articles\/trends\/how-to-make-an-instagram-worthy-smoothie-bowl\/\">How to make an Instagram-worthy smoothie bowl<\/a><\/p>\n<p><strong>Homemade:<\/strong>\u00a0<a href=\"https:\/\/www.homemadebyyou.co.uk\/articles\/drinks-and-smoothies\/homemade-herbal-teas-almost-too-pretty-to-drink\">Homemade herbal teas (almost) too pretty to drink<\/a><\/p>\n<p><strong>Huffington Post:<\/strong>\u00a0<a href=\"http:\/\/www.huffingtonpost.com\/entry\/sweet-potato-toast_us_578e3289e4b0a0ae97c35fff?5cznyps33vv58tcsor\">Sweet Potato Toast Just Might Be The New Avocado Toast<\/a><\/p>\n<p><strong>Huffington Post:<\/strong>\u00a0<a href=\"http:\/\/www.huffingtonpost.com\/entry\/healthy-porridge-recipes_us_5821e309e4b0d9ce6fbea986\">Porridge Is Back In A Big Way. Here\u2019s How To Eat It In The 21st Century<\/a><\/p>\n<p><strong>Notable:<\/strong>\u00a0<a href=\"http:\/\/notable.ca\/10-pancake-day-recipes-that-will-change-your-life\/\">10 Pancake Day Recipes That Will Change Your Life<\/a><\/p>\n<p><strong>Well + Good:<\/strong>\u00a0<a href=\"http:\/\/www.wellandgood.com\/good-food\/easy-bread-and-pasta-swap-recipes\/\">8 Genius Bread and Pasta Swaps That You&#8217;ll Want To Try, Stat<\/a><\/p>\n<p><em><br \/>\n2015:<\/em><\/p>\n<p><strong>Brit + Co:<\/strong>\u00a0<a href=\"http:\/\/www.brit.co\/ramadan-recipes\/\">15 Replenishing Pre-Fast Recipes for Ramadan and Beyond<\/a><\/p>\n<p><strong>Yahoo:<\/strong>\u00a0<a href=\"https:\/\/www.yahoo.com\/style\/10-instagrammers-to-follow-for-c1439226836958\/photo-tuulia-talvio-photo-1439308715960.html?soc_src=unv-sh&amp;soc_trk=fb\">10 Instagrammers to Follow for Ice Cream Eye Candy<\/a><\/p>\n<p><strong>Feedfeed:<\/strong>\u00a0<a href=\"https:\/\/thefeedfeed.com\/vegan-desserts\">Vegan Desserts<\/a><\/p>\n<p><strong>Camille Styles:<\/strong>\u00a0<a href=\"http:\/\/camillestyles.com\/living\/cream-of-the-crop\/10-best-detox-drinks\/?slide=1\">10 Best Detox Drinks<\/a><\/p>\n<p><strong>Imujer:<\/strong>\u00a0<a href=\"http:\/\/www.vix.com\/es\/imj\/gourmet\/154390\/magnifico-pan-de-banana-sin-gluten-ni-lactosa\">Magn\u00edfico pan de banana sin gluten ni lactosa<\/a><\/p>\n<p><\/p>","protected":false},"excerpt":{"rendered":"<p>Moikka! Olen Tuulia Talvio. Rakastan ruokaa, aurinkoa, kokkaamista, aikakauslehti\u00e4 sek\u00e4 kaikkea, mik\u00e4 saa minut nauramaan.\u00a0Yleens\u00e4 se on\u00a0mieheni, joka kertoo paljon vitsej\u00e4, jokin h\u00f6lm\u00f6 tv-sarja tai iso\u00e4itini, jonka nauru tarttuu l\u00e4hes v\u00e4litt\u00f6m\u00e4sti. Olen ollut kiinnostunut ruuasta, ravitsemuksesta ja hyvinvoinnista niin kauan, kuin muistan. Olin 7-vuotias, kun laitoin ensimm\u00e4isen kerran ruokaa (hernekeittoa ja lettuja) yst\u00e4v\u00e4ni kanssa ja siit\u00e4 l\u00e4htien olen nauttinut\u00a0kokkaamisesta niin itselleni kuin perheelleni ja yst\u00e4villeni. Ruokavalioni ja lempiruokani ovat muuttuneet vuosien my\u00f6t\u00e4, mutta kaikki tuoreet&#8230;<\/p>\n","protected":false},"author":1,"featured_media":5861,"parent":0,"menu_order":0,"comment_status":"closed","ping_status":"closed","template":"","meta":{"_monsterinsights_skip_tracking":false,"_monsterinsights_sitenote_active":false,"_monsterinsights_sitenote_note":"","_monsterinsights_sitenote_category":0,"jetpack_post_was_ever_published":false,"_vp_format_video_url":"","_vp_image_focal_point":[],"footnotes":""},"class_list":["post-33","page","type-page","status-publish","has-post-thumbnail","hentry",""],"yoast_head":"<!-- This site is optimized with the Yoast SEO plugin v23.0 - https:\/\/yoast.com\/wordpress\/plugins\/seo\/ -->\n<title>Tuulia<\/title>\n<meta name=\"robots\" content=\"index, follow, max-snippet:-1, max-image-preview:large, max-video-preview:-1\" \/>\n<link rel=\"canonical\" href=\"http:\/\/tuulia.co\/fi\/tuulia\/\" \/>\n<meta property=\"og:locale\" content=\"fi_FI\" \/>\n<meta property=\"og:type\" content=\"article\" \/>\n<meta property=\"og:title\" content=\"Tuulia\" \/>\n<meta property=\"og:description\" content=\"Moikka! Olen Tuulia Talvio. Rakastan ruokaa, aurinkoa, kokkaamista, aikakauslehti\u00e4 sek\u00e4 kaikkea, mik\u00e4 saa minut nauramaan.\u00a0Yleens\u00e4 se on\u00a0mieheni, joka kertoo paljon vitsej\u00e4, jokin h\u00f6lm\u00f6 tv-sarja tai iso\u00e4itini, jonka nauru tarttuu l\u00e4hes v\u00e4litt\u00f6m\u00e4sti. Olen ollut kiinnostunut ruuasta, ravitsemuksesta ja hyvinvoinnista niin kauan, kuin muistan. Olin 7-vuotias, kun laitoin ensimm\u00e4isen kerran ruokaa (hernekeittoa ja lettuja) yst\u00e4v\u00e4ni kanssa ja siit\u00e4 l\u00e4htien olen nauttinut\u00a0kokkaamisesta niin itselleni kuin perheelleni ja yst\u00e4villeni. Ruokavalioni ja lempiruokani ovat muuttuneet vuosien my\u00f6t\u00e4, mutta kaikki tuoreet&#8230;\" \/>\n<meta property=\"og:url\" content=\"http:\/\/tuulia.co\/fi\/tuulia\/\" \/>\n<meta property=\"og:site_name\" content=\"Tuulia\" \/>\n<meta property=\"article:publisher\" content=\"https:\/\/www.facebook.com\/tuuliatalvio\" \/>\n<meta property=\"article:modified_time\" content=\"2021-04-08T07:22:57+00:00\" \/>\n<meta property=\"og:image\" content=\"https:\/\/i0.wp.com\/tuulia.co\/wp-content\/uploads\/2014\/10\/oma-kuva-2.jpg?fit=1440%2C600\" \/>\n\t<meta property=\"og:image:width\" content=\"1440\" \/>\n\t<meta property=\"og:image:height\" content=\"600\" \/>\n\t<meta property=\"og:image:type\" content=\"image\/jpeg\" \/>\n<meta name=\"twitter:label1\" content=\"Arvioitu lukuaika\" \/>\n\t<meta name=\"twitter:data1\" content=\"3 minuuttia\" \/>\n<script type=\"application\/ld+json\" class=\"yoast-schema-graph\">{\"@context\":\"https:\/\/schema.org\",\"@graph\":[{\"@type\":\"WebPage\",\"@id\":\"http:\/\/tuulia.co\/fi\/tuulia\/\",\"url\":\"http:\/\/tuulia.co\/fi\/tuulia\/\",\"name\":\"Tuulia\",\"isPartOf\":{\"@id\":\"http:\/\/tuulia.co\/#website\"},\"primaryImageOfPage\":{\"@id\":\"http:\/\/tuulia.co\/fi\/tuulia\/#primaryimage\"},\"image\":{\"@id\":\"http:\/\/tuulia.co\/fi\/tuulia\/#primaryimage\"},\"thumbnailUrl\":\"https:\/\/i0.wp.com\/tuulia.co\/wp-content\/uploads\/2014\/10\/oma-kuva-2.jpg?fit=1440%2C600\",\"datePublished\":\"2014-06-25T09:00:02+00:00\",\"dateModified\":\"2021-04-08T07:22:57+00:00\",\"breadcrumb\":{\"@id\":\"http:\/\/tuulia.co\/fi\/tuulia\/#breadcrumb\"},\"inLanguage\":\"fi\",\"potentialAction\":[{\"@type\":\"ReadAction\",\"target\":[\"http:\/\/tuulia.co\/fi\/tuulia\/\"]}]},{\"@type\":\"ImageObject\",\"inLanguage\":\"fi\",\"@id\":\"http:\/\/tuulia.co\/fi\/tuulia\/#primaryimage\",\"url\":\"https:\/\/i0.wp.com\/tuulia.co\/wp-content\/uploads\/2014\/10\/oma-kuva-2.jpg?fit=1440%2C600\",\"contentUrl\":\"https:\/\/i0.wp.com\/tuulia.co\/wp-content\/uploads\/2014\/10\/oma-kuva-2.jpg?fit=1440%2C600\",\"width\":1440,\"height\":600},{\"@type\":\"BreadcrumbList\",\"@id\":\"http:\/\/tuulia.co\/fi\/tuulia\/#breadcrumb\",\"itemListElement\":[{\"@type\":\"ListItem\",\"position\":1,\"name\":\"Home\",\"item\":\"https:\/\/tuulia.co\/fi\/\"},{\"@type\":\"ListItem\",\"position\":2,\"name\":\"Tuulia\"}]},{\"@type\":\"WebSite\",\"@id\":\"http:\/\/tuulia.co\/#website\",\"url\":\"http:\/\/tuulia.co\/\",\"name\":\"Tuulia\",\"description\":\"healthy living + good vibes\",\"potentialAction\":[{\"@type\":\"SearchAction\",\"target\":{\"@type\":\"EntryPoint\",\"urlTemplate\":\"http:\/\/tuulia.co\/?s={search_term_string}\"},\"query-input\":\"required name=search_term_string\"}],\"inLanguage\":\"fi\"}]}<\/script>\n<!-- \/ Yoast SEO plugin. -->","yoast_head_json":{"title":"Tuulia","robots":{"index":"index","follow":"follow","max-snippet":"max-snippet:-1","max-image-preview":"max-image-preview:large","max-video-preview":"max-video-preview:-1"},"canonical":"http:\/\/tuulia.co\/fi\/tuulia\/","og_locale":"fi_FI","og_type":"article","og_title":"Tuulia","og_description":"Moikka! Olen Tuulia Talvio. Rakastan ruokaa, aurinkoa, kokkaamista, aikakauslehti\u00e4 sek\u00e4 kaikkea, mik\u00e4 saa minut nauramaan.\u00a0Yleens\u00e4 se on\u00a0mieheni, joka kertoo paljon vitsej\u00e4, jokin h\u00f6lm\u00f6 tv-sarja tai iso\u00e4itini, jonka nauru tarttuu l\u00e4hes v\u00e4litt\u00f6m\u00e4sti. Olen ollut kiinnostunut ruuasta, ravitsemuksesta ja hyvinvoinnista niin kauan, kuin muistan. Olin 7-vuotias, kun laitoin ensimm\u00e4isen kerran ruokaa (hernekeittoa ja lettuja) yst\u00e4v\u00e4ni kanssa ja siit\u00e4 l\u00e4htien olen nauttinut\u00a0kokkaamisesta niin itselleni kuin perheelleni ja yst\u00e4villeni. Ruokavalioni ja lempiruokani ovat muuttuneet vuosien my\u00f6t\u00e4, mutta kaikki tuoreet&#8230;","og_url":"http:\/\/tuulia.co\/fi\/tuulia\/","og_site_name":"Tuulia","article_publisher":"https:\/\/www.facebook.com\/tuuliatalvio","article_modified_time":"2021-04-08T07:22:57+00:00","og_image":[{"width":1440,"height":600,"url":"https:\/\/i0.wp.com\/tuulia.co\/wp-content\/uploads\/2014\/10\/oma-kuva-2.jpg?fit=1440%2C600","type":"image\/jpeg"}],"twitter_misc":{"Arvioitu lukuaika":"3 minuuttia"},"schema":{"@context":"https:\/\/schema.org","@graph":[{"@type":"WebPage","@id":"http:\/\/tuulia.co\/fi\/tuulia\/","url":"http:\/\/tuulia.co\/fi\/tuulia\/","name":"Tuulia","isPartOf":{"@id":"http:\/\/tuulia.co\/#website"},"primaryImageOfPage":{"@id":"http:\/\/tuulia.co\/fi\/tuulia\/#primaryimage"},"image":{"@id":"http:\/\/tuulia.co\/fi\/tuulia\/#primaryimage"},"thumbnailUrl":"https:\/\/i0.wp.com\/tuulia.co\/wp-content\/uploads\/2014\/10\/oma-kuva-2.jpg?fit=1440%2C600","datePublished":"2014-06-25T09:00:02+00:00","dateModified":"2021-04-08T07:22:57+00:00","breadcrumb":{"@id":"http:\/\/tuulia.co\/fi\/tuulia\/#breadcrumb"},"inLanguage":"fi","potentialAction":[{"@type":"ReadAction","target":["http:\/\/tuulia.co\/fi\/tuulia\/"]}]},{"@type":"ImageObject","inLanguage":"fi","@id":"http:\/\/tuulia.co\/fi\/tuulia\/#primaryimage","url":"https:\/\/i0.wp.com\/tuulia.co\/wp-content\/uploads\/2014\/10\/oma-kuva-2.jpg?fit=1440%2C600","contentUrl":"https:\/\/i0.wp.com\/tuulia.co\/wp-content\/uploads\/2014\/10\/oma-kuva-2.jpg?fit=1440%2C600","width":1440,"height":600},{"@type":"BreadcrumbList","@id":"http:\/\/tuulia.co\/fi\/tuulia\/#breadcrumb","itemListElement":[{"@type":"ListItem","position":1,"name":"Home","item":"https:\/\/tuulia.co\/fi\/"},{"@type":"ListItem","position":2,"name":"Tuulia"}]},{"@type":"WebSite","@id":"http:\/\/tuulia.co\/#website","url":"http:\/\/tuulia.co\/","name":"Tuulia","description":"healthy living + good vibes","potentialAction":[{"@type":"SearchAction","target":{"@type":"EntryPoint","urlTemplate":"http:\/\/tuulia.co\/?s={search_term_string}"},"query-input":"required name=search_term_string"}],"inLanguage":"fi"}]}},"jetpack_shortlink":"https:\/\/wp.me\/P7j1YI-x","jetpack_sharing_enabled":true,"_links":{"self":[{"href":"http:\/\/tuulia.co\/fi\/wp-json\/wp\/v2\/pages\/33","targetHints":{"allow":["GET"]}}],"collection":[{"href":"http:\/\/tuulia.co\/fi\/wp-json\/wp\/v2\/pages"}],"about":[{"href":"http:\/\/tuulia.co\/fi\/wp-json\/wp\/v2\/types\/page"}],"author":[{"embeddable":true,"href":"http:\/\/tuulia.co\/fi\/wp-json\/wp\/v2\/users\/1"}],"replies":[{"embeddable":true,"href":"http:\/\/tuulia.co\/fi\/wp-json\/wp\/v2\/comments?post=33"}],"version-history":[{"count":2,"href":"http:\/\/tuulia.co\/fi\/wp-json\/wp\/v2\/pages\/33\/revisions"}],"predecessor-version":[{"id":7338,"href":"http:\/\/tuulia.co\/fi\/wp-json\/wp\/v2\/pages\/33\/revisions\/7338"}],"wp:featuredmedia":[{"embeddable":true,"href":"http:\/\/tuulia.co\/fi\/wp-json\/wp\/v2\/media\/5861"}],"wp:attachment":[{"href":"http:\/\/tuulia.co\/fi\/wp-json\/wp\/v2\/media?parent=33"}],"curies":[{"name":"wp","href":"https:\/\/api.w.org\/{rel}","templated":true}]}}