{"id":4665,"date":"2016-10-09T16:17:31","date_gmt":"2016-10-09T14:17:31","guid":{"rendered":"http:\/\/tuulia.co\/fi\/?page_id=4665"},"modified":"2016-12-08T12:03:20","modified_gmt":"2016-12-08T10:03:20","slug":"reseptiarkisto","status":"publish","type":"page","link":"https:\/\/tuulia.co\/fi\/reseptiarkisto\/","title":{"rendered":"Reseptiarkisto"},"content":{"rendered":"<p>Kaikki t\u00e4\u00e4lt\u00e4 l\u00f6ytyv\u00e4t reseptit ovat aina luontaisesti gluteenittomia. L\u00e4hes kaikki ovat maidottomia ja moni resepteist\u00e4 on my\u00f6s helposti muunnettavissa vegaanisiksi. Nautinnollisia herkutteluhetki\u00e4!<\/p>\n<p><\/p>","protected":false},"excerpt":{"rendered":"<p>Kaikki t\u00e4\u00e4lt\u00e4 l\u00f6ytyv\u00e4t reseptit ovat aina luontaisesti gluteenittomia. L\u00e4hes kaikki ovat maidottomia ja moni resepteist\u00e4 on my\u00f6s helposti muunnettavissa vegaanisiksi. Nautinnollisia herkutteluhetki\u00e4!<\/p>\n","protected":false},"author":1,"featured_media":4743,"parent":0,"menu_order":0,"comment_status":"closed","ping_status":"closed","template":"template-archives.php","meta":{"_monsterinsights_skip_tracking":false,"_monsterinsights_sitenote_active":false,"_monsterinsights_sitenote_note":"","_monsterinsights_sitenote_category":0,"jetpack_post_was_ever_published":false,"_vp_format_video_url":"","_vp_image_focal_point":[],"footnotes":""},"class_list":["post-4665","page","type-page","status-publish","has-post-thumbnail","hentry",""],"yoast_head":"<!-- This site is optimized with the Yoast SEO plugin v23.0 - https:\/\/yoast.com\/wordpress\/plugins\/seo\/ -->\n<title>Reseptiarkisto &#187; Tuulia<\/title>\n<meta name=\"description\" content=\"Reseptiarkisto: Kaikki reseptit ovat aina luontaisesti gluteenittomia, useimmat maidottomia, ja helposti muunnettavissa vegaanisiksi.\" \/>\n<meta name=\"robots\" content=\"index, follow, max-snippet:-1, max-image-preview:large, max-video-preview:-1\" \/>\n<link rel=\"canonical\" href=\"http:\/\/tuulia.co\/fi\/reseptiarkisto\/\" \/>\n<meta property=\"og:locale\" content=\"fi_FI\" \/>\n<meta property=\"og:type\" content=\"article\" \/>\n<meta property=\"og:title\" content=\"Reseptiarkisto &#187; Tuulia\" \/>\n<meta property=\"og:description\" content=\"Reseptiarkisto: Kaikki reseptit ovat aina luontaisesti gluteenittomia, useimmat maidottomia, ja helposti muunnettavissa vegaanisiksi.\" \/>\n<meta property=\"og:url\" content=\"http:\/\/tuulia.co\/fi\/reseptiarkisto\/\" \/>\n<meta property=\"og:site_name\" content=\"Tuulia\" \/>\n<meta property=\"article:publisher\" content=\"https:\/\/www.facebook.com\/tuuliatalvio\" \/>\n<meta property=\"article:modified_time\" content=\"2016-12-08T10:03:20+00:00\" \/>\n<meta property=\"og:image\" content=\"https:\/\/i0.wp.com\/tuulia.co\/wp-content\/uploads\/2016\/10\/mehu-uusi-e1644930350897.jpg?fit=1439%2C248\" \/>\n\t<meta property=\"og:image:width\" content=\"1439\" \/>\n\t<meta property=\"og:image:height\" content=\"248\" \/>\n\t<meta property=\"og:image:type\" content=\"image\/jpeg\" \/>\n<script type=\"application\/ld+json\" class=\"yoast-schema-graph\">{\"@context\":\"https:\/\/schema.org\",\"@graph\":[{\"@type\":\"WebPage\",\"@id\":\"http:\/\/tuulia.co\/fi\/reseptiarkisto\/\",\"url\":\"http:\/\/tuulia.co\/fi\/reseptiarkisto\/\",\"name\":\"Reseptiarkisto &#187; Tuulia\",\"isPartOf\":{\"@id\":\"http:\/\/tuulia.co\/#website\"},\"primaryImageOfPage\":{\"@id\":\"http:\/\/tuulia.co\/fi\/reseptiarkisto\/#primaryimage\"},\"image\":{\"@id\":\"http:\/\/tuulia.co\/fi\/reseptiarkisto\/#primaryimage\"},\"thumbnailUrl\":\"https:\/\/i0.wp.com\/tuulia.co\/wp-content\/uploads\/2016\/10\/mehu-uusi-e1644930350897.jpg?fit=1439%2C248&ssl=1\",\"datePublished\":\"2016-10-09T14:17:31+00:00\",\"dateModified\":\"2016-12-08T10:03:20+00:00\",\"description\":\"Reseptiarkisto: Kaikki reseptit ovat aina luontaisesti gluteenittomia, useimmat maidottomia, ja helposti muunnettavissa vegaanisiksi.\",\"breadcrumb\":{\"@id\":\"http:\/\/tuulia.co\/fi\/reseptiarkisto\/#breadcrumb\"},\"inLanguage\":\"fi\",\"potentialAction\":[{\"@type\":\"ReadAction\",\"target\":[\"http:\/\/tuulia.co\/fi\/reseptiarkisto\/\"]}]},{\"@type\":\"ImageObject\",\"inLanguage\":\"fi\",\"@id\":\"http:\/\/tuulia.co\/fi\/reseptiarkisto\/#primaryimage\",\"url\":\"https:\/\/i0.wp.com\/tuulia.co\/wp-content\/uploads\/2016\/10\/mehu-uusi-e1644930350897.jpg?fit=1439%2C248&ssl=1\",\"contentUrl\":\"https:\/\/i0.wp.com\/tuulia.co\/wp-content\/uploads\/2016\/10\/mehu-uusi-e1644930350897.jpg?fit=1439%2C248&ssl=1\",\"width\":1439,\"height\":248},{\"@type\":\"BreadcrumbList\",\"@id\":\"http:\/\/tuulia.co\/fi\/reseptiarkisto\/#breadcrumb\",\"itemListElement\":[{\"@type\":\"ListItem\",\"position\":1,\"name\":\"Home\",\"item\":\"https:\/\/tuulia.co\/fi\/\"},{\"@type\":\"ListItem\",\"position\":2,\"name\":\"Reseptiarkisto\"}]},{\"@type\":\"WebSite\",\"@id\":\"http:\/\/tuulia.co\/#website\",\"url\":\"http:\/\/tuulia.co\/\",\"name\":\"Tuulia\",\"description\":\"healthy living + good vibes\",\"potentialAction\":[{\"@type\":\"SearchAction\",\"target\":{\"@type\":\"EntryPoint\",\"urlTemplate\":\"http:\/\/tuulia.co\/?s={search_term_string}\"},\"query-input\":\"required name=search_term_string\"}],\"inLanguage\":\"fi\"}]}<\/script>\n<!-- \/ Yoast SEO plugin. -->","yoast_head_json":{"title":"Reseptiarkisto &#187; Tuulia","description":"Reseptiarkisto: Kaikki reseptit ovat aina luontaisesti gluteenittomia, useimmat maidottomia, ja helposti muunnettavissa vegaanisiksi.","robots":{"index":"index","follow":"follow","max-snippet":"max-snippet:-1","max-image-preview":"max-image-preview:large","max-video-preview":"max-video-preview:-1"},"canonical":"http:\/\/tuulia.co\/fi\/reseptiarkisto\/","og_locale":"fi_FI","og_type":"article","og_title":"Reseptiarkisto &#187; Tuulia","og_description":"Reseptiarkisto: Kaikki reseptit ovat aina luontaisesti gluteenittomia, useimmat maidottomia, ja helposti muunnettavissa vegaanisiksi.","og_url":"http:\/\/tuulia.co\/fi\/reseptiarkisto\/","og_site_name":"Tuulia","article_publisher":"https:\/\/www.facebook.com\/tuuliatalvio","article_modified_time":"2016-12-08T10:03:20+00:00","og_image":[{"width":1439,"height":248,"url":"https:\/\/i0.wp.com\/tuulia.co\/wp-content\/uploads\/2016\/10\/mehu-uusi-e1644930350897.jpg?fit=1439%2C248","type":"image\/jpeg"}],"schema":{"@context":"https:\/\/schema.org","@graph":[{"@type":"WebPage","@id":"http:\/\/tuulia.co\/fi\/reseptiarkisto\/","url":"http:\/\/tuulia.co\/fi\/reseptiarkisto\/","name":"Reseptiarkisto &#187; Tuulia","isPartOf":{"@id":"http:\/\/tuulia.co\/#website"},"primaryImageOfPage":{"@id":"http:\/\/tuulia.co\/fi\/reseptiarkisto\/#primaryimage"},"image":{"@id":"http:\/\/tuulia.co\/fi\/reseptiarkisto\/#primaryimage"},"thumbnailUrl":"https:\/\/i0.wp.com\/tuulia.co\/wp-content\/uploads\/2016\/10\/mehu-uusi-e1644930350897.jpg?fit=1439%2C248&ssl=1","datePublished":"2016-10-09T14:17:31+00:00","dateModified":"2016-12-08T10:03:20+00:00","description":"Reseptiarkisto: Kaikki reseptit ovat aina luontaisesti gluteenittomia, useimmat maidottomia, ja helposti muunnettavissa vegaanisiksi.","breadcrumb":{"@id":"http:\/\/tuulia.co\/fi\/reseptiarkisto\/#breadcrumb"},"inLanguage":"fi","potentialAction":[{"@type":"ReadAction","target":["http:\/\/tuulia.co\/fi\/reseptiarkisto\/"]}]},{"@type":"ImageObject","inLanguage":"fi","@id":"http:\/\/tuulia.co\/fi\/reseptiarkisto\/#primaryimage","url":"https:\/\/i0.wp.com\/tuulia.co\/wp-content\/uploads\/2016\/10\/mehu-uusi-e1644930350897.jpg?fit=1439%2C248&ssl=1","contentUrl":"https:\/\/i0.wp.com\/tuulia.co\/wp-content\/uploads\/2016\/10\/mehu-uusi-e1644930350897.jpg?fit=1439%2C248&ssl=1","width":1439,"height":248},{"@type":"BreadcrumbList","@id":"http:\/\/tuulia.co\/fi\/reseptiarkisto\/#breadcrumb","itemListElement":[{"@type":"ListItem","position":1,"name":"Home","item":"https:\/\/tuulia.co\/fi\/"},{"@type":"ListItem","position":2,"name":"Reseptiarkisto"}]},{"@type":"WebSite","@id":"http:\/\/tuulia.co\/#website","url":"http:\/\/tuulia.co\/","name":"Tuulia","description":"healthy living + good vibes","potentialAction":[{"@type":"SearchAction","target":{"@type":"EntryPoint","urlTemplate":"http:\/\/tuulia.co\/?s={search_term_string}"},"query-input":"required name=search_term_string"}],"inLanguage":"fi"}]}},"jetpack_shortlink":"https:\/\/wp.me\/P7j1YI-1df","jetpack_sharing_enabled":true,"_links":{"self":[{"href":"https:\/\/tuulia.co\/fi\/wp-json\/wp\/v2\/pages\/4665","targetHints":{"allow":["GET"]}}],"collection":[{"href":"https:\/\/tuulia.co\/fi\/wp-json\/wp\/v2\/pages"}],"about":[{"href":"https:\/\/tuulia.co\/fi\/wp-json\/wp\/v2\/types\/page"}],"author":[{"embeddable":true,"href":"https:\/\/tuulia.co\/fi\/wp-json\/wp\/v2\/users\/1"}],"replies":[{"embeddable":true,"href":"https:\/\/tuulia.co\/fi\/wp-json\/wp\/v2\/comments?post=4665"}],"version-history":[{"count":0,"href":"https:\/\/tuulia.co\/fi\/wp-json\/wp\/v2\/pages\/4665\/revisions"}],"wp:featuredmedia":[{"embeddable":true,"href":"https:\/\/tuulia.co\/fi\/wp-json\/wp\/v2\/media\/4743"}],"wp:attachment":[{"href":"https:\/\/tuulia.co\/fi\/wp-json\/wp\/v2\/media?parent=4665"}],"curies":[{"name":"wp","href":"https:\/\/api.w.org\/{rel}","templated":true}]}}