{"id":6561,"date":"2019-02-15T11:31:07","date_gmt":"2019-02-15T09:31:07","guid":{"rendered":"http:\/\/tuulia.co\/?page_id=6561"},"modified":"2019-02-15T11:35:38","modified_gmt":"2019-02-15T09:35:38","slug":"kirjat","status":"publish","type":"page","link":"https:\/\/tuulia.co\/fi\/kirjat\/","title":{"rendered":"Kirjat"},"content":{"rendered":"\r\n<p>Jos kaipaat inspiraatiota kokkailuun, kurkkaa alta kirjani!<\/p>\r\n<hr \/>\r\n        <div class=\"shop-page-wp-grid\">\n\t\t\t            <a target=\"_blank\" href=\"https:\/\/us9.list-manage.com\/subscribe?u=38293f89ed16dad5a431981dc&amp;id=b3bddf3c33\" class=\"shop-page-wp-item spwp-has-link spwp-one-half\" rel=\"nofollow\">\n            <div class=\"shop-page-wp-image\">\n                <img decoding=\"async\" src=\"https:\/\/i0.wp.com\/tuulia.co\/wp-content\/uploads\/2019\/01\/Good-Morning_kauppaan.jpg?resize=300%2C300&#038;ssl=1\" alt=\"\"\/>\n            <\/div>\n            <div class=\"shop-page-wp-title\">\n                <h3>Good Morning by Tuulia Aamupalakirja<\/h3>\n            <\/div>\n\t\t\t\t\t\t                <div class=\"shop-page-wp-description\">\n\t\t\t\t\t\t\t\tGood morning by Tuulia e-kirja tarjoaa 18 herkullista resepti\u00e4, jotka valmistuvat ilman gluteenia, lehm\u00e4nmaitoa ja valkoista sokeria.                 <\/div>\n\t\t\t\t\t\t\t\t\t\t\t\t               <div class=\"shop-page-wp-link\">\n                <span class=\"buy-link\">Lue lis\u00e4\u00e4<\/span>               <\/div>\n\t\t\t\t\t\t            <\/a>\t\t\t            <a target=\"_blank\" href=\"https:\/\/holvi.com\/shop\/wellberries-kauppa\/product\/4d0c3ee7247ef1a0359a008c14fe4f3d\/\" class=\"shop-page-wp-item spwp-has-link spwp-one-half\" rel=\"nofollow\">\n            <div class=\"shop-page-wp-image\">\n                <img decoding=\"async\" src=\"https:\/\/i0.wp.com\/tuulia.co\/wp-content\/uploads\/2019\/01\/Vegmeals_kauppaan.jpg?resize=300%2C300&#038;ssl=1\" alt=\"\"\/>\n            <\/div>\n            <div class=\"shop-page-wp-title\">\n                <h3>Vegmeals-ateriasuunnitelma<\/h3>\n            <\/div>\n\t\t\t\t\t\t                <div class=\"shop-page-wp-description\">\n\t\t\t\t\t\t\t\tVegmeals tuo helpotusta ja hyvinvointia kiireiseen arkeen. Palvelu sis\u00e4lt\u00e4\u00e4 ateriasuunnitelman kuukaudeksi: 4 ravitsevaa kasvisresepti\u00e4 kauppalistoineen jokaiselle viikolle.                 <\/div>\n\t\t\t\t\t\t\t\t\t\t\t\t               <div class=\"shop-page-wp-link\">\n                <span class=\"buy-link\">Lue lis\u00e4\u00e4<\/span>               <\/div>\n\t\t\t\t\t\t            <\/a>\t\t\t            <a target=\"_blank\" href=\"https:\/\/sellfy.com\/tuulialiving\/p\/hyva\/\" class=\"shop-page-wp-item spwp-has-link spwp-one-half\" rel=\"nofollow\">\n            <div class=\"shop-page-wp-image\">\n                <img decoding=\"async\" src=\"https:\/\/i0.wp.com\/tuulia.co\/wp-content\/uploads\/2019\/01\/Hyv%C3%A4n-olon-j%C3%A4%C3%A4tel%C3%B6kirja_kauppaan.jpg?resize=300%2C300&#038;ssl=1\" alt=\"\"\/>\n            <\/div>\n            <div class=\"shop-page-wp-title\">\n                <h3>Hyv\u00e4n olon j\u00e4\u00e4tel\u00f6kirja<\/h3>\n            <\/div>\n\t\t\t\t\t\t                <div class=\"shop-page-wp-description\">\n\t\t\t\t\t\t\t\tVirpi Mikkosen ja Tuulia Talvion huippusuosittu Hyv\u00e4n olon j\u00e4\u00e4tel\u00f6kirja nyt e-kirjana + 10 UUDEN BONUSRESEPTIN KERA.                 <\/div>\n\t\t\t\t\t\t\t\t\t\t\t\t               <div class=\"shop-page-wp-link\">\n                <span class=\"buy-link\">Lue lis\u00e4\u00e4<\/span>               <\/div>\n\t\t\t\t\t\t            <\/a>\t\t\t            <a target=\"_blank\" href=\"https:\/\/www.amazon.com\/gp\/product\/0735210454?tag=randohouseinc12176-20\" class=\"shop-page-wp-item spwp-has-link spwp-one-half\" rel=\"nofollow\">\n            <div class=\"shop-page-wp-image\">\n                <img decoding=\"async\" src=\"https:\/\/i0.wp.com\/tuulia.co\/wp-content\/uploads\/2019\/01\/Nice-Cream_kauppaan.jpg?resize=300%2C300&#038;ssl=1\" alt=\"\"\/>\n            <\/div>\n            <div class=\"shop-page-wp-title\">\n                <h3>N&#8217;Ice Cream Book<\/h3>\n            <\/div>\n\t\t\t\t\t\t                <div class=\"shop-page-wp-description\">\n\t\t\t\t\t\t\t\tFrom Finnish authors Virpi Mikkonen and Tuulia Talvio, a gorgeous book of decadent, easy--and healthy!--vegan ice cream recipes.                <\/div>\n\t\t\t\t\t\t\t\t\t\t\t\t               <div class=\"shop-page-wp-link\">\n                <span class=\"buy-link\">Lue lis\u00e4\u00e4<\/span>               <\/div>\n\t\t\t\t\t\t            <\/a>\t\t\t        <\/div>\n\t\t\r\n<p><\/p>","protected":false},"excerpt":{"rendered":"<p>Jos kaipaat inspiraatiota kokkailuun, kurkkaa alta kirjani!<\/p>\n","protected":false},"author":1,"featured_media":6734,"parent":0,"menu_order":0,"comment_status":"closed","ping_status":"closed","template":"","meta":{"_monsterinsights_skip_tracking":false,"_monsterinsights_sitenote_active":false,"_monsterinsights_sitenote_note":"","_monsterinsights_sitenote_category":0,"jetpack_post_was_ever_published":false,"_vp_format_video_url":"","_vp_image_focal_point":[],"footnotes":""},"class_list":["post-6561","page","type-page","status-publish","has-post-thumbnail","hentry",""],"yoast_head":"<!-- This site is optimized with the Yoast SEO plugin v23.0 - https:\/\/yoast.com\/wordpress\/plugins\/seo\/ -->\n<title>Kirjat &#187; Tuulia<\/title>\n<meta name=\"description\" content=\"Jos kaipaat inspiraatiota kokkailuun, kurkkaa t\u00e4\u00e4lt\u00e4 kaikki ruokakirjani!\" \/>\n<meta name=\"robots\" content=\"index, follow, max-snippet:-1, max-image-preview:large, max-video-preview:-1\" \/>\n<link rel=\"canonical\" href=\"https:\/\/tuulia.co\/fi\/kirjat\/\" \/>\n<meta property=\"og:locale\" content=\"fi_FI\" \/>\n<meta property=\"og:type\" content=\"article\" \/>\n<meta property=\"og:title\" content=\"Kirjat &#187; Tuulia\" \/>\n<meta property=\"og:description\" content=\"Jos kaipaat inspiraatiota kokkailuun, kurkkaa t\u00e4\u00e4lt\u00e4 kaikki ruokakirjani!\" \/>\n<meta property=\"og:url\" content=\"https:\/\/tuulia.co\/fi\/kirjat\/\" \/>\n<meta property=\"og:site_name\" content=\"Tuulia\" \/>\n<meta property=\"article:publisher\" content=\"https:\/\/www.facebook.com\/tuuliatalvio\" \/>\n<meta property=\"article:modified_time\" content=\"2019-02-15T09:35:38+00:00\" \/>\n<meta property=\"og:image\" content=\"https:\/\/i0.wp.com\/tuulia.co\/wp-content\/uploads\/2019\/02\/thumbnail.jpg?fit=1440%2C500&ssl=1\" \/>\n\t<meta property=\"og:image:width\" content=\"1440\" \/>\n\t<meta property=\"og:image:height\" content=\"500\" \/>\n\t<meta property=\"og:image:type\" content=\"image\/jpeg\" \/>\n<script type=\"application\/ld+json\" class=\"yoast-schema-graph\">{\"@context\":\"https:\/\/schema.org\",\"@graph\":[{\"@type\":\"WebPage\",\"@id\":\"https:\/\/tuulia.co\/fi\/kirjat\/\",\"url\":\"https:\/\/tuulia.co\/fi\/kirjat\/\",\"name\":\"Kirjat &#187; Tuulia\",\"isPartOf\":{\"@id\":\"http:\/\/tuulia.co\/#website\"},\"primaryImageOfPage\":{\"@id\":\"https:\/\/tuulia.co\/fi\/kirjat\/#primaryimage\"},\"image\":{\"@id\":\"https:\/\/tuulia.co\/fi\/kirjat\/#primaryimage\"},\"thumbnailUrl\":\"https:\/\/i0.wp.com\/tuulia.co\/wp-content\/uploads\/2019\/02\/thumbnail.jpg?fit=1440%2C500&ssl=1\",\"datePublished\":\"2019-02-15T09:31:07+00:00\",\"dateModified\":\"2019-02-15T09:35:38+00:00\",\"description\":\"Jos kaipaat inspiraatiota kokkailuun, kurkkaa t\u00e4\u00e4lt\u00e4 kaikki ruokakirjani!\",\"breadcrumb\":{\"@id\":\"https:\/\/tuulia.co\/fi\/kirjat\/#breadcrumb\"},\"inLanguage\":\"fi\",\"potentialAction\":[{\"@type\":\"ReadAction\",\"target\":[\"https:\/\/tuulia.co\/fi\/kirjat\/\"]}]},{\"@type\":\"ImageObject\",\"inLanguage\":\"fi\",\"@id\":\"https:\/\/tuulia.co\/fi\/kirjat\/#primaryimage\",\"url\":\"https:\/\/i0.wp.com\/tuulia.co\/wp-content\/uploads\/2019\/02\/thumbnail.jpg?fit=1440%2C500&ssl=1\",\"contentUrl\":\"https:\/\/i0.wp.com\/tuulia.co\/wp-content\/uploads\/2019\/02\/thumbnail.jpg?fit=1440%2C500&ssl=1\",\"width\":1440,\"height\":500},{\"@type\":\"BreadcrumbList\",\"@id\":\"https:\/\/tuulia.co\/fi\/kirjat\/#breadcrumb\",\"itemListElement\":[{\"@type\":\"ListItem\",\"position\":1,\"name\":\"Home\",\"item\":\"https:\/\/tuulia.co\/fi\/\"},{\"@type\":\"ListItem\",\"position\":2,\"name\":\"Kirjat\"}]},{\"@type\":\"WebSite\",\"@id\":\"http:\/\/tuulia.co\/#website\",\"url\":\"http:\/\/tuulia.co\/\",\"name\":\"Tuulia\",\"description\":\"healthy living + good vibes\",\"potentialAction\":[{\"@type\":\"SearchAction\",\"target\":{\"@type\":\"EntryPoint\",\"urlTemplate\":\"http:\/\/tuulia.co\/?s={search_term_string}\"},\"query-input\":\"required name=search_term_string\"}],\"inLanguage\":\"fi\"}]}<\/script>\n<!-- \/ Yoast SEO plugin. -->","yoast_head_json":{"title":"Kirjat &#187; Tuulia","description":"Jos kaipaat inspiraatiota kokkailuun, kurkkaa t\u00e4\u00e4lt\u00e4 kaikki ruokakirjani!","robots":{"index":"index","follow":"follow","max-snippet":"max-snippet:-1","max-image-preview":"max-image-preview:large","max-video-preview":"max-video-preview:-1"},"canonical":"https:\/\/tuulia.co\/fi\/kirjat\/","og_locale":"fi_FI","og_type":"article","og_title":"Kirjat &#187; Tuulia","og_description":"Jos kaipaat inspiraatiota kokkailuun, kurkkaa t\u00e4\u00e4lt\u00e4 kaikki ruokakirjani!","og_url":"https:\/\/tuulia.co\/fi\/kirjat\/","og_site_name":"Tuulia","article_publisher":"https:\/\/www.facebook.com\/tuuliatalvio","article_modified_time":"2019-02-15T09:35:38+00:00","og_image":[{"width":1440,"height":500,"url":"https:\/\/i0.wp.com\/tuulia.co\/wp-content\/uploads\/2019\/02\/thumbnail.jpg?fit=1440%2C500&ssl=1","type":"image\/jpeg"}],"schema":{"@context":"https:\/\/schema.org","@graph":[{"@type":"WebPage","@id":"https:\/\/tuulia.co\/fi\/kirjat\/","url":"https:\/\/tuulia.co\/fi\/kirjat\/","name":"Kirjat &#187; Tuulia","isPartOf":{"@id":"http:\/\/tuulia.co\/#website"},"primaryImageOfPage":{"@id":"https:\/\/tuulia.co\/fi\/kirjat\/#primaryimage"},"image":{"@id":"https:\/\/tuulia.co\/fi\/kirjat\/#primaryimage"},"thumbnailUrl":"https:\/\/i0.wp.com\/tuulia.co\/wp-content\/uploads\/2019\/02\/thumbnail.jpg?fit=1440%2C500&ssl=1","datePublished":"2019-02-15T09:31:07+00:00","dateModified":"2019-02-15T09:35:38+00:00","description":"Jos kaipaat inspiraatiota kokkailuun, kurkkaa t\u00e4\u00e4lt\u00e4 kaikki ruokakirjani!","breadcrumb":{"@id":"https:\/\/tuulia.co\/fi\/kirjat\/#breadcrumb"},"inLanguage":"fi","potentialAction":[{"@type":"ReadAction","target":["https:\/\/tuulia.co\/fi\/kirjat\/"]}]},{"@type":"ImageObject","inLanguage":"fi","@id":"https:\/\/tuulia.co\/fi\/kirjat\/#primaryimage","url":"https:\/\/i0.wp.com\/tuulia.co\/wp-content\/uploads\/2019\/02\/thumbnail.jpg?fit=1440%2C500&ssl=1","contentUrl":"https:\/\/i0.wp.com\/tuulia.co\/wp-content\/uploads\/2019\/02\/thumbnail.jpg?fit=1440%2C500&ssl=1","width":1440,"height":500},{"@type":"BreadcrumbList","@id":"https:\/\/tuulia.co\/fi\/kirjat\/#breadcrumb","itemListElement":[{"@type":"ListItem","position":1,"name":"Home","item":"https:\/\/tuulia.co\/fi\/"},{"@type":"ListItem","position":2,"name":"Kirjat"}]},{"@type":"WebSite","@id":"http:\/\/tuulia.co\/#website","url":"http:\/\/tuulia.co\/","name":"Tuulia","description":"healthy living + good vibes","potentialAction":[{"@type":"SearchAction","target":{"@type":"EntryPoint","urlTemplate":"http:\/\/tuulia.co\/?s={search_term_string}"},"query-input":"required name=search_term_string"}],"inLanguage":"fi"}]}},"jetpack_shortlink":"https:\/\/wp.me\/P7j1YI-1HP","jetpack_sharing_enabled":true,"_links":{"self":[{"href":"https:\/\/tuulia.co\/fi\/wp-json\/wp\/v2\/pages\/6561","targetHints":{"allow":["GET"]}}],"collection":[{"href":"https:\/\/tuulia.co\/fi\/wp-json\/wp\/v2\/pages"}],"about":[{"href":"https:\/\/tuulia.co\/fi\/wp-json\/wp\/v2\/types\/page"}],"author":[{"embeddable":true,"href":"https:\/\/tuulia.co\/fi\/wp-json\/wp\/v2\/users\/1"}],"replies":[{"embeddable":true,"href":"https:\/\/tuulia.co\/fi\/wp-json\/wp\/v2\/comments?post=6561"}],"version-history":[{"count":0,"href":"https:\/\/tuulia.co\/fi\/wp-json\/wp\/v2\/pages\/6561\/revisions"}],"wp:featuredmedia":[{"embeddable":true,"href":"https:\/\/tuulia.co\/fi\/wp-json\/wp\/v2\/media\/6734"}],"wp:attachment":[{"href":"https:\/\/tuulia.co\/fi\/wp-json\/wp\/v2\/media?parent=6561"}],"curies":[{"name":"wp","href":"https:\/\/api.w.org\/{rel}","templated":true}]}}