{"id":7558,"date":"2022-04-21T09:48:40","date_gmt":"2022-04-21T07:48:40","guid":{"rendered":"http:\/\/tuulia.co\/?page_id=7558"},"modified":"2022-04-27T09:21:18","modified_gmt":"2022-04-27T07:21:18","slug":"info","status":"publish","type":"page","link":"https:\/\/tuulia.co\/fi\/info\/","title":{"rendered":"TUULIA"},"content":{"rendered":"\n<div class=\"wp-block-media-text alignwide is-stacked-on-mobile\" style=\"grid-template-columns:45% auto\"><figure class=\"wp-block-media-text__media\"><img data-recalc-dims=\"1\" loading=\"lazy\" decoding=\"async\" width=\"683\" height=\"1024\" data-attachment-id=\"7486\" data-permalink=\"https:\/\/tuulia.co\/fi\/info\/2021_kesa%cc%88-2-2\/\" data-orig-file=\"https:\/\/i0.wp.com\/tuulia.co\/wp-content\/uploads\/2022\/02\/2021_kesa%CC%88-2-scaled.jpg?fit=1707%2C2560&amp;ssl=1\" data-orig-size=\"1707,2560\" data-comments-opened=\"1\" data-image-meta=\"{&quot;aperture&quot;:&quot;0&quot;,&quot;credit&quot;:&quot;&quot;,&quot;camera&quot;:&quot;&quot;,&quot;caption&quot;:&quot;&quot;,&quot;created_timestamp&quot;:&quot;0&quot;,&quot;copyright&quot;:&quot;&quot;,&quot;focal_length&quot;:&quot;0&quot;,&quot;iso&quot;:&quot;0&quot;,&quot;shutter_speed&quot;:&quot;0&quot;,&quot;title&quot;:&quot;&quot;,&quot;orientation&quot;:&quot;0&quot;}\" data-image-title=\"2021_kesa\u0308-2\" data-image-description=\"\" data-image-caption=\"\" data-medium-file=\"https:\/\/i0.wp.com\/tuulia.co\/wp-content\/uploads\/2022\/02\/2021_kesa%CC%88-2-scaled.jpg?fit=200%2C300&amp;ssl=1\" data-large-file=\"https:\/\/i0.wp.com\/tuulia.co\/wp-content\/uploads\/2022\/02\/2021_kesa%CC%88-2-scaled.jpg?fit=683%2C1024&amp;ssl=1\" src=\"https:\/\/i0.wp.com\/tuulia.co\/wp-content\/uploads\/2022\/02\/2021_kesa%CC%88-2.jpg?resize=683%2C1024\" alt=\"\" class=\"wp-image-7486 size-full\" srcset=\"https:\/\/i0.wp.com\/tuulia.co\/wp-content\/uploads\/2022\/02\/2021_kesa%CC%88-2-scaled.jpg?resize=683%2C1024&amp;ssl=1 683w, https:\/\/i0.wp.com\/tuulia.co\/wp-content\/uploads\/2022\/02\/2021_kesa%CC%88-2-scaled.jpg?resize=200%2C300&amp;ssl=1 200w, https:\/\/i0.wp.com\/tuulia.co\/wp-content\/uploads\/2022\/02\/2021_kesa%CC%88-2-scaled.jpg?resize=768%2C1152&amp;ssl=1 768w, https:\/\/i0.wp.com\/tuulia.co\/wp-content\/uploads\/2022\/02\/2021_kesa%CC%88-2-scaled.jpg?resize=1024%2C1536&amp;ssl=1 1024w, https:\/\/i0.wp.com\/tuulia.co\/wp-content\/uploads\/2022\/02\/2021_kesa%CC%88-2-scaled.jpg?resize=1365%2C2048&amp;ssl=1 1365w, https:\/\/i0.wp.com\/tuulia.co\/wp-content\/uploads\/2022\/02\/2021_kesa%CC%88-2-scaled.jpg?resize=500%2C750&amp;ssl=1 500w, https:\/\/i0.wp.com\/tuulia.co\/wp-content\/uploads\/2022\/02\/2021_kesa%CC%88-2-scaled.jpg?resize=800%2C1200&amp;ssl=1 800w, https:\/\/i0.wp.com\/tuulia.co\/wp-content\/uploads\/2022\/02\/2021_kesa%CC%88-2-scaled.jpg?resize=1280%2C1920&amp;ssl=1 1280w, https:\/\/i0.wp.com\/tuulia.co\/wp-content\/uploads\/2022\/02\/2021_kesa%CC%88-2-scaled.jpg?resize=1920%2C2880&amp;ssl=1 1920w, https:\/\/i0.wp.com\/tuulia.co\/wp-content\/uploads\/2022\/02\/2021_kesa%CC%88-2-scaled.jpg?resize=1260%2C1890&amp;ssl=1 1260w, https:\/\/i0.wp.com\/tuulia.co\/wp-content\/uploads\/2022\/02\/2021_kesa%CC%88-2-scaled.jpg?resize=960%2C1440&amp;ssl=1 960w, https:\/\/i0.wp.com\/tuulia.co\/wp-content\/uploads\/2022\/02\/2021_kesa%CC%88-2-scaled.jpg?resize=787%2C1181&amp;ssl=1 787w, https:\/\/i0.wp.com\/tuulia.co\/wp-content\/uploads\/2022\/02\/2021_kesa%CC%88-2-scaled.jpg?resize=400%2C600&amp;ssl=1 400w, https:\/\/i0.wp.com\/tuulia.co\/wp-content\/uploads\/2022\/02\/2021_kesa%CC%88-2-scaled.jpg?w=1707&amp;ssl=1 1707w\" sizes=\"auto, (max-width: 683px) 100vw, 683px\" \/><\/figure><div class=\"wp-block-media-text__content\">\n<p>Moikka! Olen Tuulia Talvio. Olen ker\u00e4nnyt t\u00e4lle sivustolle reseptej\u00e4 ja ajatuksiani ruuasta ja muusta el\u00e4m\u00e4st\u00e4 jo vuodesta 2014 l\u00e4htien. Rakastan ruokaa, aurinkoa, kokkaamista, lehteen tai kirjaan uppoutumista sek\u00e4 kaikkea, mik\u00e4 saa minut nauramaan.&nbsp;Asun Helsingiss\u00e4 mieheni ja poikani kanssa ja haaveilen omasta puutarhasta ja talvista l\u00e4mpim\u00e4ss\u00e4. <\/p>\n\n\n\n<p>Ruokavalioni ja lempiruokani ovat muuttuneet vuosien varrella, mutta tuoreet ja raikkaat raaka-aineet&nbsp;sek\u00e4 yksinkertaiset ateriat ovat mielest\u00e4ni niit\u00e4 kaikkein herkullisimpia.&nbsp;Minulla on keliakia, jonka vuoksi noudatan gluteenitonta ruokavaliota. Pyrin my\u00f6skin v\u00e4lttelem\u00e4\u00e4n maitotuotteita, sill\u00e4 ihoni ja vatsani eiv\u00e4t pid\u00e4 niiden nautiskelemisesta erityisemmin. Muuten&nbsp;sy\u00f6n l\u00e4hes kaikkea, mutta kokkailupuuhissani valmistuu&nbsp;l\u00e4hinn\u00e4&nbsp;kasvisruokaa, aamupaloja, erilaisia makeita herkkuja sek\u00e4&nbsp;kaikenlaisia naposteltavia. Rakastan rauhallisia, pitki\u00e4 ja runsaita aamupaloja, ja voisin helposti sy\u00f6d\u00e4 vain niit\u00e4&nbsp;koko p\u00e4iv\u00e4n.<\/p>\n<\/div><\/div>\n\n\n\n<p>Keitti\u00f6ss\u00e4 viett\u00e4m\u00e4ni ajan lis\u00e4ksi teen sis\u00e4ll\u00f6ntuotantoa, markkinointia, valokuvausta, reseptiikan kehitt\u00e4mist\u00e4 sek\u00e4 luovaa konsultointia eri yrityksille. Olen my\u00f6s yksi uuden kotimaisen ruokayrityksen <a href=\"http:\/\/www.puroagoods.com\/\" target=\"_blank\" rel=\"noreferrer noopener\">Puroa Goodsin<\/a> perustajista. Minua inspiroi aina uuden luominen, onpa se sitten fyysisen tuotteen tai digitaalisen materiaalin kehitt\u00e4mist\u00e4. Ruoka ja hyvinvointi ovat omia intohimojani ja pyrin ty\u00f6ss\u00e4ni inspiroimaan muita kohti tasapainoisempaa ja kest\u00e4v\u00e4mp\u00e4\u00e4 tulevaisuutta. <\/p>\n\n\n\n<p>Jos mieleesi tulee mit\u00e4 tahansa kysytt\u00e4v\u00e4\u00e4 tai vaikkapa palautetta kokeilemastasi reseptist\u00e4, voit aina laittaa minulle viesti\u00e4 osoitteeseen hello(at)tuulia.co. Kiitos kun piipahdit ja tervetuloa uudelleen!<\/p>\n\n\n\n<p>xx Tuulia<\/p>\n\n\n\n<figure class=\"wp-block-pullquote has-small-font-size\"><blockquote><p>Palveluni<\/p><\/blockquote><\/figure>\n\n\n\n<div class=\"wp-block-media-text alignwide has-media-on-the-right is-stacked-on-mobile\" style=\"grid-template-columns:auto 40%\"><figure class=\"wp-block-media-text__media\"><img data-recalc-dims=\"1\" loading=\"lazy\" decoding=\"async\" width=\"683\" height=\"1024\" data-attachment-id=\"7518\" data-permalink=\"https:\/\/tuulia.co\/fi\/info\/suklaakakku_pysty-2-2\/\" data-orig-file=\"https:\/\/i0.wp.com\/tuulia.co\/wp-content\/uploads\/2022\/02\/suklaakakku_pysty-2-scaled.jpg?fit=1707%2C2560&amp;ssl=1\" data-orig-size=\"1707,2560\" data-comments-opened=\"1\" data-image-meta=\"{&quot;aperture&quot;:&quot;0&quot;,&quot;credit&quot;:&quot;&quot;,&quot;camera&quot;:&quot;&quot;,&quot;caption&quot;:&quot;&quot;,&quot;created_timestamp&quot;:&quot;0&quot;,&quot;copyright&quot;:&quot;&quot;,&quot;focal_length&quot;:&quot;0&quot;,&quot;iso&quot;:&quot;0&quot;,&quot;shutter_speed&quot;:&quot;0&quot;,&quot;title&quot;:&quot;&quot;,&quot;orientation&quot;:&quot;0&quot;}\" data-image-title=\"suklaakakku_pysty-2\" data-image-description=\"\" data-image-caption=\"\" data-medium-file=\"https:\/\/i0.wp.com\/tuulia.co\/wp-content\/uploads\/2022\/02\/suklaakakku_pysty-2-scaled.jpg?fit=200%2C300&amp;ssl=1\" data-large-file=\"https:\/\/i0.wp.com\/tuulia.co\/wp-content\/uploads\/2022\/02\/suklaakakku_pysty-2-scaled.jpg?fit=683%2C1024&amp;ssl=1\" src=\"https:\/\/i0.wp.com\/tuulia.co\/wp-content\/uploads\/2022\/02\/suklaakakku_pysty-2.jpg?resize=683%2C1024\" alt=\"\" class=\"wp-image-7518 size-full\" srcset=\"https:\/\/i0.wp.com\/tuulia.co\/wp-content\/uploads\/2022\/02\/suklaakakku_pysty-2-scaled.jpg?resize=683%2C1024&amp;ssl=1 683w, https:\/\/i0.wp.com\/tuulia.co\/wp-content\/uploads\/2022\/02\/suklaakakku_pysty-2-scaled.jpg?resize=200%2C300&amp;ssl=1 200w, https:\/\/i0.wp.com\/tuulia.co\/wp-content\/uploads\/2022\/02\/suklaakakku_pysty-2-scaled.jpg?resize=768%2C1152&amp;ssl=1 768w, https:\/\/i0.wp.com\/tuulia.co\/wp-content\/uploads\/2022\/02\/suklaakakku_pysty-2-scaled.jpg?resize=1024%2C1536&amp;ssl=1 1024w, https:\/\/i0.wp.com\/tuulia.co\/wp-content\/uploads\/2022\/02\/suklaakakku_pysty-2-scaled.jpg?resize=1365%2C2048&amp;ssl=1 1365w, https:\/\/i0.wp.com\/tuulia.co\/wp-content\/uploads\/2022\/02\/suklaakakku_pysty-2-scaled.jpg?resize=500%2C750&amp;ssl=1 500w, https:\/\/i0.wp.com\/tuulia.co\/wp-content\/uploads\/2022\/02\/suklaakakku_pysty-2-scaled.jpg?resize=800%2C1200&amp;ssl=1 800w, https:\/\/i0.wp.com\/tuulia.co\/wp-content\/uploads\/2022\/02\/suklaakakku_pysty-2-scaled.jpg?resize=1280%2C1920&amp;ssl=1 1280w, https:\/\/i0.wp.com\/tuulia.co\/wp-content\/uploads\/2022\/02\/suklaakakku_pysty-2-scaled.jpg?resize=1920%2C2880&amp;ssl=1 1920w, https:\/\/i0.wp.com\/tuulia.co\/wp-content\/uploads\/2022\/02\/suklaakakku_pysty-2-scaled.jpg?resize=1260%2C1890&amp;ssl=1 1260w, https:\/\/i0.wp.com\/tuulia.co\/wp-content\/uploads\/2022\/02\/suklaakakku_pysty-2-scaled.jpg?resize=960%2C1440&amp;ssl=1 960w, https:\/\/i0.wp.com\/tuulia.co\/wp-content\/uploads\/2022\/02\/suklaakakku_pysty-2-scaled.jpg?resize=787%2C1181&amp;ssl=1 787w, https:\/\/i0.wp.com\/tuulia.co\/wp-content\/uploads\/2022\/02\/suklaakakku_pysty-2-scaled.jpg?resize=400%2C600&amp;ssl=1 400w, https:\/\/i0.wp.com\/tuulia.co\/wp-content\/uploads\/2022\/02\/suklaakakku_pysty-2-scaled.jpg?w=1707&amp;ssl=1 1707w\" sizes=\"auto, (max-width: 683px) 100vw, 683px\" \/><\/figure><div class=\"wp-block-media-text__content\">\n<p style=\"font-size:26px\">Valokuvaus + Stailaus<\/p>\n\n\n\n<p>Minulla on pitk\u00e4 tausta ruuan stailauksesta ja valokuvauksesta. Teen my\u00f6s lifestyle- ja tuotekuvausta. Tyylini on luonnollinen ja pehme\u00e4.  Kurkkaa portfolioni <a href=\"http:\/\/tuulia.co\/fi\/my-portfolio\/\" target=\"_blank\" rel=\"noreferrer noopener\">t\u00e4\u00e4lt\u00e4<\/a>. <\/p>\n<\/div><\/div>\n\n\n\n<div class=\"wp-block-media-text alignwide is-stacked-on-mobile\" style=\"grid-template-columns:40% auto\"><figure class=\"wp-block-media-text__media\"><img data-recalc-dims=\"1\" loading=\"lazy\" decoding=\"async\" width=\"683\" height=\"1024\" data-attachment-id=\"7481\" data-permalink=\"https:\/\/tuulia.co\/fi\/info\/2020_pysty-1-2\/\" data-orig-file=\"https:\/\/i0.wp.com\/tuulia.co\/wp-content\/uploads\/2022\/02\/2020_pysty-1-scaled.jpg?fit=1707%2C2560&amp;ssl=1\" data-orig-size=\"1707,2560\" data-comments-opened=\"1\" data-image-meta=\"{&quot;aperture&quot;:&quot;0&quot;,&quot;credit&quot;:&quot;&quot;,&quot;camera&quot;:&quot;&quot;,&quot;caption&quot;:&quot;&quot;,&quot;created_timestamp&quot;:&quot;0&quot;,&quot;copyright&quot;:&quot;&quot;,&quot;focal_length&quot;:&quot;0&quot;,&quot;iso&quot;:&quot;0&quot;,&quot;shutter_speed&quot;:&quot;0&quot;,&quot;title&quot;:&quot;&quot;,&quot;orientation&quot;:&quot;0&quot;}\" data-image-title=\"2020_pysty-1\" data-image-description=\"\" data-image-caption=\"\" data-medium-file=\"https:\/\/i0.wp.com\/tuulia.co\/wp-content\/uploads\/2022\/02\/2020_pysty-1-scaled.jpg?fit=200%2C300&amp;ssl=1\" data-large-file=\"https:\/\/i0.wp.com\/tuulia.co\/wp-content\/uploads\/2022\/02\/2020_pysty-1-scaled.jpg?fit=683%2C1024&amp;ssl=1\" src=\"https:\/\/i0.wp.com\/tuulia.co\/wp-content\/uploads\/2022\/02\/2020_pysty-1.jpg?resize=683%2C1024\" alt=\"\" class=\"wp-image-7481 size-full\" srcset=\"https:\/\/i0.wp.com\/tuulia.co\/wp-content\/uploads\/2022\/02\/2020_pysty-1-scaled.jpg?resize=683%2C1024&amp;ssl=1 683w, https:\/\/i0.wp.com\/tuulia.co\/wp-content\/uploads\/2022\/02\/2020_pysty-1-scaled.jpg?resize=200%2C300&amp;ssl=1 200w, https:\/\/i0.wp.com\/tuulia.co\/wp-content\/uploads\/2022\/02\/2020_pysty-1-scaled.jpg?resize=768%2C1152&amp;ssl=1 768w, https:\/\/i0.wp.com\/tuulia.co\/wp-content\/uploads\/2022\/02\/2020_pysty-1-scaled.jpg?resize=1024%2C1536&amp;ssl=1 1024w, https:\/\/i0.wp.com\/tuulia.co\/wp-content\/uploads\/2022\/02\/2020_pysty-1-scaled.jpg?resize=1365%2C2048&amp;ssl=1 1365w, https:\/\/i0.wp.com\/tuulia.co\/wp-content\/uploads\/2022\/02\/2020_pysty-1-scaled.jpg?resize=500%2C750&amp;ssl=1 500w, https:\/\/i0.wp.com\/tuulia.co\/wp-content\/uploads\/2022\/02\/2020_pysty-1-scaled.jpg?resize=800%2C1200&amp;ssl=1 800w, https:\/\/i0.wp.com\/tuulia.co\/wp-content\/uploads\/2022\/02\/2020_pysty-1-scaled.jpg?resize=1280%2C1920&amp;ssl=1 1280w, https:\/\/i0.wp.com\/tuulia.co\/wp-content\/uploads\/2022\/02\/2020_pysty-1-scaled.jpg?resize=1920%2C2880&amp;ssl=1 1920w, https:\/\/i0.wp.com\/tuulia.co\/wp-content\/uploads\/2022\/02\/2020_pysty-1-scaled.jpg?resize=1260%2C1890&amp;ssl=1 1260w, https:\/\/i0.wp.com\/tuulia.co\/wp-content\/uploads\/2022\/02\/2020_pysty-1-scaled.jpg?resize=960%2C1440&amp;ssl=1 960w, https:\/\/i0.wp.com\/tuulia.co\/wp-content\/uploads\/2022\/02\/2020_pysty-1-scaled.jpg?resize=787%2C1181&amp;ssl=1 787w, https:\/\/i0.wp.com\/tuulia.co\/wp-content\/uploads\/2022\/02\/2020_pysty-1-scaled.jpg?resize=400%2C600&amp;ssl=1 400w, https:\/\/i0.wp.com\/tuulia.co\/wp-content\/uploads\/2022\/02\/2020_pysty-1-scaled.jpg?w=1707&amp;ssl=1 1707w\" sizes=\"auto, (max-width: 683px) 100vw, 683px\" \/><\/figure><div class=\"wp-block-media-text__content\">\n<p style=\"font-size:26px\">Reseptiikan suunnittelu<\/p>\n\n\n\n<p>Suunnittelen reseptiikkaa omien kanavieni lis\u00e4ksi lukuisille eri yrityksille. Reseptiikkani on gluteenitonta ja kasvipohjaista. Suunnittelen mieluusti reseptej\u00e4 tietyn tuotteen tai raaka-aineen ymp\u00e4rille, olen avuksesi ravintolan tai kahvilan menun suunnittelussa sek\u00e4 konsultoin uusien ruokatuotteiden kehitt\u00e4misess\u00e4. <\/p>\n<\/div><\/div>\n\n\n\n<div class=\"wp-block-media-text alignwide has-media-on-the-right is-stacked-on-mobile\" style=\"grid-template-columns:auto 40%\"><figure class=\"wp-block-media-text__media\"><img data-recalc-dims=\"1\" loading=\"lazy\" decoding=\"async\" width=\"683\" height=\"1024\" data-attachment-id=\"7523\" data-permalink=\"https:\/\/tuulia.co\/fi\/info\/a%cc%88iti-ja-eelis-2\/\" data-orig-file=\"https:\/\/i0.wp.com\/tuulia.co\/wp-content\/uploads\/2022\/02\/a%CC%88iti-ja-eelis.jpg?fit=1200%2C1800&amp;ssl=1\" data-orig-size=\"1200,1800\" data-comments-opened=\"1\" data-image-meta=\"{&quot;aperture&quot;:&quot;0&quot;,&quot;credit&quot;:&quot;&quot;,&quot;camera&quot;:&quot;&quot;,&quot;caption&quot;:&quot;&quot;,&quot;created_timestamp&quot;:&quot;0&quot;,&quot;copyright&quot;:&quot;&quot;,&quot;focal_length&quot;:&quot;0&quot;,&quot;iso&quot;:&quot;0&quot;,&quot;shutter_speed&quot;:&quot;0&quot;,&quot;title&quot;:&quot;&quot;,&quot;orientation&quot;:&quot;0&quot;}\" data-image-title=\"a\u0308iti-ja-eelis\" data-image-description=\"\" data-image-caption=\"\" data-medium-file=\"https:\/\/i0.wp.com\/tuulia.co\/wp-content\/uploads\/2022\/02\/a%CC%88iti-ja-eelis.jpg?fit=200%2C300&amp;ssl=1\" data-large-file=\"https:\/\/i0.wp.com\/tuulia.co\/wp-content\/uploads\/2022\/02\/a%CC%88iti-ja-eelis.jpg?fit=683%2C1024&amp;ssl=1\" src=\"https:\/\/i0.wp.com\/tuulia.co\/wp-content\/uploads\/2022\/02\/a%CC%88iti-ja-eelis-683x1024.jpg?resize=683%2C1024\" alt=\"\" class=\"wp-image-7523 size-full\" srcset=\"https:\/\/i0.wp.com\/tuulia.co\/wp-content\/uploads\/2022\/02\/a%CC%88iti-ja-eelis.jpg?resize=683%2C1024&amp;ssl=1 683w, https:\/\/i0.wp.com\/tuulia.co\/wp-content\/uploads\/2022\/02\/a%CC%88iti-ja-eelis.jpg?resize=200%2C300&amp;ssl=1 200w, https:\/\/i0.wp.com\/tuulia.co\/wp-content\/uploads\/2022\/02\/a%CC%88iti-ja-eelis.jpg?resize=768%2C1152&amp;ssl=1 768w, https:\/\/i0.wp.com\/tuulia.co\/wp-content\/uploads\/2022\/02\/a%CC%88iti-ja-eelis.jpg?resize=1024%2C1536&amp;ssl=1 1024w, https:\/\/i0.wp.com\/tuulia.co\/wp-content\/uploads\/2022\/02\/a%CC%88iti-ja-eelis.jpg?resize=500%2C750&amp;ssl=1 500w, https:\/\/i0.wp.com\/tuulia.co\/wp-content\/uploads\/2022\/02\/a%CC%88iti-ja-eelis.jpg?resize=800%2C1200&amp;ssl=1 800w, https:\/\/i0.wp.com\/tuulia.co\/wp-content\/uploads\/2022\/02\/a%CC%88iti-ja-eelis.jpg?resize=960%2C1440&amp;ssl=1 960w, https:\/\/i0.wp.com\/tuulia.co\/wp-content\/uploads\/2022\/02\/a%CC%88iti-ja-eelis.jpg?resize=787%2C1181&amp;ssl=1 787w, https:\/\/i0.wp.com\/tuulia.co\/wp-content\/uploads\/2022\/02\/a%CC%88iti-ja-eelis.jpg?resize=400%2C600&amp;ssl=1 400w, https:\/\/i0.wp.com\/tuulia.co\/wp-content\/uploads\/2022\/02\/a%CC%88iti-ja-eelis.jpg?w=1200&amp;ssl=1 1200w\" sizes=\"auto, (max-width: 683px) 100vw, 683px\" \/><\/figure><div class=\"wp-block-media-text__content\">\n<p style=\"font-size:26px\">Sosiaalisen median sis\u00e4ll\u00f6ntuotanto &amp; yhteisty\u00f6t<\/p>\n\n\n\n<p>Luon sis\u00e4lt\u00f6j\u00e4 niin asiakkaan kanaviin kuin yhteisty\u00f6kampanjoita omiin sosiaalisen median kanaviini. Koetko ett\u00e4 br\u00e4ndimme sopisivat hyvin yhteen? Laita minulle viesti\u00e4 ja ideoidaan yhdess\u00e4 lis\u00e4\u00e4! <\/p>\n<\/div><\/div>\n\n\n\n<p><\/p>\n\n\n\n<p class=\"has-text-align-center\">Haluaisitko ty\u00f6skennell\u00e4 yhdess\u00e4? Laita viesti\u00e4 osoitteeseen hello(at)tuulia.co ja jutellaan lis\u00e4\u00e4!<\/p>\n\n\n\n<p><\/p>\n<p><\/p>","protected":false},"excerpt":{"rendered":"<p>Moikka! Olen Tuulia Talvio. Olen ker\u00e4nnyt t\u00e4lle sivustolle reseptej\u00e4 ja ajatuksiani ruuasta ja muusta el\u00e4m\u00e4st\u00e4 jo vuodesta 2014 l\u00e4htien. Rakastan ruokaa, aurinkoa, kokkaamista, lehteen tai kirjaan uppoutumista sek\u00e4 kaikkea, mik\u00e4 saa minut nauramaan.&nbsp;Asun Helsingiss\u00e4 mieheni ja poikani kanssa ja haaveilen omasta puutarhasta ja talvista l\u00e4mpim\u00e4ss\u00e4. Ruokavalioni ja lempiruokani ovat muuttuneet vuosien varrella, mutta tuoreet ja raikkaat raaka-aineet&nbsp;sek\u00e4 yksinkertaiset ateriat ovat mielest\u00e4ni niit\u00e4 kaikkein herkullisimpia.&nbsp;Minulla on keliakia, jonka vuoksi noudatan gluteenitonta ruokavaliota. Pyrin my\u00f6skin v\u00e4lttelem\u00e4\u00e4n maitotuotteita,&#8230;<\/p>\n","protected":false},"author":1,"featured_media":0,"parent":0,"menu_order":0,"comment_status":"closed","ping_status":"closed","template":"","meta":{"_monsterinsights_skip_tracking":false,"_monsterinsights_sitenote_active":false,"_monsterinsights_sitenote_note":"","_monsterinsights_sitenote_category":0,"jetpack_post_was_ever_published":false,"_vp_format_video_url":"","_vp_image_focal_point":[],"footnotes":""},"class_list":["post-7558","page","type-page","status-publish","hentry",""],"yoast_head":"<!-- This site is optimized with the Yoast SEO plugin v23.0 - https:\/\/yoast.com\/wordpress\/plugins\/seo\/ -->\n<title>TUULIA &#187; Tuulia<\/title>\n<meta name=\"description\" content=\"Moikka! Olen Tuulia Talvio. Olen ker\u00e4nnyt t\u00e4lle sivustolle reseptej\u00e4 ja ajatuksiani ruuasta ja muusta el\u00e4m\u00e4st\u00e4 jo vuodesta 2014 l\u00e4htien.\" \/>\n<meta name=\"robots\" content=\"index, follow, max-snippet:-1, max-image-preview:large, max-video-preview:-1\" \/>\n<link rel=\"canonical\" href=\"http:\/\/tuulia.co\/fi\/info\/\" \/>\n<meta property=\"og:locale\" content=\"fi_FI\" \/>\n<meta property=\"og:type\" content=\"article\" \/>\n<meta property=\"og:title\" content=\"TUULIA &#187; Tuulia\" \/>\n<meta property=\"og:description\" content=\"Moikka! Olen Tuulia Talvio. Olen ker\u00e4nnyt t\u00e4lle sivustolle reseptej\u00e4 ja ajatuksiani ruuasta ja muusta el\u00e4m\u00e4st\u00e4 jo vuodesta 2014 l\u00e4htien.\" \/>\n<meta property=\"og:url\" content=\"http:\/\/tuulia.co\/fi\/info\/\" \/>\n<meta property=\"og:site_name\" content=\"Tuulia\" \/>\n<meta property=\"article:publisher\" content=\"https:\/\/www.facebook.com\/tuuliatalvio\" \/>\n<meta property=\"article:modified_time\" content=\"2022-04-27T07:21:18+00:00\" \/>\n<meta property=\"og:image\" content=\"http:\/\/tuulia.co\/wp-content\/uploads\/2022\/02\/suklaakakku_pysty-2-683x1024.jpg\" \/>\n<meta name=\"twitter:label1\" content=\"Arvioitu lukuaika\" \/>\n\t<meta name=\"twitter:data1\" content=\"3 minuuttia\" \/>\n<script type=\"application\/ld+json\" class=\"yoast-schema-graph\">{\"@context\":\"https:\/\/schema.org\",\"@graph\":[{\"@type\":\"WebPage\",\"@id\":\"http:\/\/tuulia.co\/fi\/info\/\",\"url\":\"http:\/\/tuulia.co\/fi\/info\/\",\"name\":\"TUULIA &#187; Tuulia\",\"isPartOf\":{\"@id\":\"http:\/\/tuulia.co\/#website\"},\"primaryImageOfPage\":{\"@id\":\"http:\/\/tuulia.co\/fi\/info\/#primaryimage\"},\"image\":{\"@id\":\"http:\/\/tuulia.co\/fi\/info\/#primaryimage\"},\"thumbnailUrl\":\"http:\/\/tuulia.co\/wp-content\/uploads\/2022\/02\/suklaakakku_pysty-2-683x1024.jpg\",\"datePublished\":\"2022-04-21T07:48:40+00:00\",\"dateModified\":\"2022-04-27T07:21:18+00:00\",\"description\":\"Moikka! Olen Tuulia Talvio. Olen ker\u00e4nnyt t\u00e4lle sivustolle reseptej\u00e4 ja ajatuksiani ruuasta ja muusta el\u00e4m\u00e4st\u00e4 jo vuodesta 2014 l\u00e4htien.\",\"breadcrumb\":{\"@id\":\"http:\/\/tuulia.co\/fi\/info\/#breadcrumb\"},\"inLanguage\":\"fi\",\"potentialAction\":[{\"@type\":\"ReadAction\",\"target\":[\"http:\/\/tuulia.co\/fi\/info\/\"]}]},{\"@type\":\"ImageObject\",\"inLanguage\":\"fi\",\"@id\":\"http:\/\/tuulia.co\/fi\/info\/#primaryimage\",\"url\":\"http:\/\/tuulia.co\/wp-content\/uploads\/2022\/02\/suklaakakku_pysty-2-683x1024.jpg\",\"contentUrl\":\"http:\/\/tuulia.co\/wp-content\/uploads\/2022\/02\/suklaakakku_pysty-2-683x1024.jpg\"},{\"@type\":\"BreadcrumbList\",\"@id\":\"http:\/\/tuulia.co\/fi\/info\/#breadcrumb\",\"itemListElement\":[{\"@type\":\"ListItem\",\"position\":1,\"name\":\"Home\",\"item\":\"https:\/\/tuulia.co\/fi\/\"},{\"@type\":\"ListItem\",\"position\":2,\"name\":\"TUULIA\"}]},{\"@type\":\"WebSite\",\"@id\":\"http:\/\/tuulia.co\/#website\",\"url\":\"http:\/\/tuulia.co\/\",\"name\":\"Tuulia\",\"description\":\"healthy living + good vibes\",\"potentialAction\":[{\"@type\":\"SearchAction\",\"target\":{\"@type\":\"EntryPoint\",\"urlTemplate\":\"http:\/\/tuulia.co\/?s={search_term_string}\"},\"query-input\":\"required name=search_term_string\"}],\"inLanguage\":\"fi\"}]}<\/script>\n<!-- \/ Yoast SEO plugin. -->","yoast_head_json":{"title":"TUULIA &#187; Tuulia","description":"Moikka! Olen Tuulia Talvio. Olen ker\u00e4nnyt t\u00e4lle sivustolle reseptej\u00e4 ja ajatuksiani ruuasta ja muusta el\u00e4m\u00e4st\u00e4 jo vuodesta 2014 l\u00e4htien.","robots":{"index":"index","follow":"follow","max-snippet":"max-snippet:-1","max-image-preview":"max-image-preview:large","max-video-preview":"max-video-preview:-1"},"canonical":"http:\/\/tuulia.co\/fi\/info\/","og_locale":"fi_FI","og_type":"article","og_title":"TUULIA &#187; Tuulia","og_description":"Moikka! Olen Tuulia Talvio. Olen ker\u00e4nnyt t\u00e4lle sivustolle reseptej\u00e4 ja ajatuksiani ruuasta ja muusta el\u00e4m\u00e4st\u00e4 jo vuodesta 2014 l\u00e4htien.","og_url":"http:\/\/tuulia.co\/fi\/info\/","og_site_name":"Tuulia","article_publisher":"https:\/\/www.facebook.com\/tuuliatalvio","article_modified_time":"2022-04-27T07:21:18+00:00","og_image":[{"url":"http:\/\/tuulia.co\/wp-content\/uploads\/2022\/02\/suklaakakku_pysty-2-683x1024.jpg"}],"twitter_misc":{"Arvioitu lukuaika":"3 minuuttia"},"schema":{"@context":"https:\/\/schema.org","@graph":[{"@type":"WebPage","@id":"http:\/\/tuulia.co\/fi\/info\/","url":"http:\/\/tuulia.co\/fi\/info\/","name":"TUULIA &#187; Tuulia","isPartOf":{"@id":"http:\/\/tuulia.co\/#website"},"primaryImageOfPage":{"@id":"http:\/\/tuulia.co\/fi\/info\/#primaryimage"},"image":{"@id":"http:\/\/tuulia.co\/fi\/info\/#primaryimage"},"thumbnailUrl":"http:\/\/tuulia.co\/wp-content\/uploads\/2022\/02\/suklaakakku_pysty-2-683x1024.jpg","datePublished":"2022-04-21T07:48:40+00:00","dateModified":"2022-04-27T07:21:18+00:00","description":"Moikka! Olen Tuulia Talvio. Olen ker\u00e4nnyt t\u00e4lle sivustolle reseptej\u00e4 ja ajatuksiani ruuasta ja muusta el\u00e4m\u00e4st\u00e4 jo vuodesta 2014 l\u00e4htien.","breadcrumb":{"@id":"http:\/\/tuulia.co\/fi\/info\/#breadcrumb"},"inLanguage":"fi","potentialAction":[{"@type":"ReadAction","target":["http:\/\/tuulia.co\/fi\/info\/"]}]},{"@type":"ImageObject","inLanguage":"fi","@id":"http:\/\/tuulia.co\/fi\/info\/#primaryimage","url":"http:\/\/tuulia.co\/wp-content\/uploads\/2022\/02\/suklaakakku_pysty-2-683x1024.jpg","contentUrl":"http:\/\/tuulia.co\/wp-content\/uploads\/2022\/02\/suklaakakku_pysty-2-683x1024.jpg"},{"@type":"BreadcrumbList","@id":"http:\/\/tuulia.co\/fi\/info\/#breadcrumb","itemListElement":[{"@type":"ListItem","position":1,"name":"Home","item":"https:\/\/tuulia.co\/fi\/"},{"@type":"ListItem","position":2,"name":"TUULIA"}]},{"@type":"WebSite","@id":"http:\/\/tuulia.co\/#website","url":"http:\/\/tuulia.co\/","name":"Tuulia","description":"healthy living + good vibes","potentialAction":[{"@type":"SearchAction","target":{"@type":"EntryPoint","urlTemplate":"http:\/\/tuulia.co\/?s={search_term_string}"},"query-input":"required name=search_term_string"}],"inLanguage":"fi"}]}},"jetpack_shortlink":"https:\/\/wp.me\/P7j1YI-1XU","jetpack_sharing_enabled":true,"_links":{"self":[{"href":"https:\/\/tuulia.co\/fi\/wp-json\/wp\/v2\/pages\/7558","targetHints":{"allow":["GET"]}}],"collection":[{"href":"https:\/\/tuulia.co\/fi\/wp-json\/wp\/v2\/pages"}],"about":[{"href":"https:\/\/tuulia.co\/fi\/wp-json\/wp\/v2\/types\/page"}],"author":[{"embeddable":true,"href":"https:\/\/tuulia.co\/fi\/wp-json\/wp\/v2\/users\/1"}],"replies":[{"embeddable":true,"href":"https:\/\/tuulia.co\/fi\/wp-json\/wp\/v2\/comments?post=7558"}],"version-history":[{"count":11,"href":"https:\/\/tuulia.co\/fi\/wp-json\/wp\/v2\/pages\/7558\/revisions"}],"predecessor-version":[{"id":7723,"href":"https:\/\/tuulia.co\/fi\/wp-json\/wp\/v2\/pages\/7558\/revisions\/7723"}],"wp:attachment":[{"href":"https:\/\/tuulia.co\/fi\/wp-json\/wp\/v2\/media?parent=7558"}],"curies":[{"name":"wp","href":"https:\/\/api.w.org\/{rel}","templated":true}]}}