{"id":9,"date":"2014-06-22T18:11:44","date_gmt":"2014-06-22T15:11:44","guid":{"rendered":"http:\/\/uusiatuulia.fi\/?page_id=9"},"modified":"2016-12-08T12:01:33","modified_gmt":"2016-12-08T10:01:33","slug":"home","status":"publish","type":"page","link":"https:\/\/tuulia.co\/fi\/","title":{"rendered":"Home"},"content":{"rendered":"<p><\/p>","protected":false},"excerpt":{"rendered":"","protected":false},"author":1,"featured_media":3812,"parent":0,"menu_order":0,"comment_status":"closed","ping_status":"closed","template":"template-home.php","meta":{"_monsterinsights_skip_tracking":false,"_monsterinsights_sitenote_active":false,"_monsterinsights_sitenote_note":"","_monsterinsights_sitenote_category":0,"jetpack_post_was_ever_published":false,"_vp_format_video_url":"","_vp_image_focal_point":[],"footnotes":""},"class_list":["post-9","page","type-page","status-publish","has-post-thumbnail","hentry",""],"yoast_head":"<!-- This site is optimized with the Yoast SEO plugin v23.0 - https:\/\/yoast.com\/wordpress\/plugins\/seo\/ -->\n<title>Tuulia \u2013 healthy living + good vibes<\/title>\n<meta name=\"description\" content=\"Nourishing, gluten-free + vegetarian recipes &amp; inspiration for balanced living.\" \/>\n<meta name=\"robots\" content=\"index, follow, max-snippet:-1, max-image-preview:large, max-video-preview:-1\" \/>\n<link rel=\"canonical\" href=\"https:\/\/tuulia.co\/fi\/\" \/>\n<meta property=\"og:locale\" content=\"fi_FI\" \/>\n<meta property=\"og:type\" content=\"article\" \/>\n<meta property=\"og:title\" content=\"Uusia tuulia \u2013 Hyv\u00e4\u00e4 oloa ja hyv\u00e4\u00e4 mielt\u00e4, luonnollisesti.\" \/>\n<meta property=\"og:description\" content=\"Nourishing, gluten-free + vegetarian recipes &amp; inspiration for balanced living.\" \/>\n<meta property=\"og:url\" content=\"https:\/\/tuulia.co\/fi\/\" \/>\n<meta property=\"og:site_name\" content=\"Tuulia\" \/>\n<meta property=\"article:publisher\" content=\"https:\/\/www.facebook.com\/tuuliatalvio\" \/>\n<meta property=\"article:modified_time\" content=\"2016-12-08T10:01:33+00:00\" \/>\n<meta property=\"og:image\" content=\"https:\/\/i0.wp.com\/tuulia.co\/wp-content\/uploads\/2016\/03\/etusivulle.jpg?fit=760%2C240&ssl=1\" \/>\n\t<meta property=\"og:image:width\" content=\"760\" \/>\n\t<meta property=\"og:image:height\" content=\"240\" \/>\n\t<meta property=\"og:image:type\" content=\"image\/jpeg\" \/>\n<script type=\"application\/ld+json\" class=\"yoast-schema-graph\">{\"@context\":\"https:\/\/schema.org\",\"@graph\":[{\"@type\":\"WebPage\",\"@id\":\"https:\/\/tuulia.co\/fi\/\",\"url\":\"https:\/\/tuulia.co\/fi\/\",\"name\":\"Tuulia \u2013 healthy living + good vibes\",\"isPartOf\":{\"@id\":\"https:\/\/tuulia.co\/fi\/#website\"},\"primaryImageOfPage\":{\"@id\":\"https:\/\/tuulia.co\/fi\/#primaryimage\"},\"image\":{\"@id\":\"https:\/\/tuulia.co\/fi\/#primaryimage\"},\"thumbnailUrl\":\"https:\/\/i0.wp.com\/tuulia.co\/wp-content\/uploads\/2016\/03\/etusivulle.jpg?fit=760%2C240&ssl=1\",\"datePublished\":\"2014-06-22T15:11:44+00:00\",\"dateModified\":\"2016-12-08T10:01:33+00:00\",\"description\":\"Nourishing, gluten-free + vegetarian recipes & inspiration for balanced living.\",\"breadcrumb\":{\"@id\":\"https:\/\/tuulia.co\/fi\/#breadcrumb\"},\"inLanguage\":\"fi\",\"potentialAction\":[{\"@type\":\"ReadAction\",\"target\":[\"https:\/\/tuulia.co\/fi\/\"]}]},{\"@type\":\"ImageObject\",\"inLanguage\":\"fi\",\"@id\":\"https:\/\/tuulia.co\/fi\/#primaryimage\",\"url\":\"https:\/\/i0.wp.com\/tuulia.co\/wp-content\/uploads\/2016\/03\/etusivulle.jpg?fit=760%2C240&ssl=1\",\"contentUrl\":\"https:\/\/i0.wp.com\/tuulia.co\/wp-content\/uploads\/2016\/03\/etusivulle.jpg?fit=760%2C240&ssl=1\",\"width\":760,\"height\":240},{\"@type\":\"BreadcrumbList\",\"@id\":\"https:\/\/tuulia.co\/fi\/#breadcrumb\",\"itemListElement\":[{\"@type\":\"ListItem\",\"position\":1,\"name\":\"Home\",\"item\":\"https:\/\/tuulia.co\/fi\/\"},{\"@type\":\"ListItem\",\"position\":2,\"name\":\"Home\"}]},{\"@type\":\"WebSite\",\"@id\":\"https:\/\/tuulia.co\/fi\/#website\",\"url\":\"https:\/\/tuulia.co\/fi\/\",\"name\":\"Tuulia\",\"description\":\"healthy living + good vibes\",\"potentialAction\":[{\"@type\":\"SearchAction\",\"target\":{\"@type\":\"EntryPoint\",\"urlTemplate\":\"https:\/\/tuulia.co\/fi\/?s={search_term_string}\"},\"query-input\":\"required name=search_term_string\"}],\"inLanguage\":\"fi\"}]}<\/script>\n<!-- \/ Yoast SEO plugin. -->","yoast_head_json":{"title":"Tuulia \u2013 healthy living + good vibes","description":"Nourishing, gluten-free + vegetarian recipes & inspiration for balanced living.","robots":{"index":"index","follow":"follow","max-snippet":"max-snippet:-1","max-image-preview":"max-image-preview:large","max-video-preview":"max-video-preview:-1"},"canonical":"https:\/\/tuulia.co\/fi\/","og_locale":"fi_FI","og_type":"article","og_title":"Uusia tuulia \u2013 Hyv\u00e4\u00e4 oloa ja hyv\u00e4\u00e4 mielt\u00e4, luonnollisesti.","og_description":"Nourishing, gluten-free + vegetarian recipes & inspiration for balanced living.","og_url":"https:\/\/tuulia.co\/fi\/","og_site_name":"Tuulia","article_publisher":"https:\/\/www.facebook.com\/tuuliatalvio","article_modified_time":"2016-12-08T10:01:33+00:00","og_image":[{"width":760,"height":240,"url":"https:\/\/i0.wp.com\/tuulia.co\/wp-content\/uploads\/2016\/03\/etusivulle.jpg?fit=760%2C240&ssl=1","type":"image\/jpeg"}],"schema":{"@context":"https:\/\/schema.org","@graph":[{"@type":"WebPage","@id":"https:\/\/tuulia.co\/fi\/","url":"https:\/\/tuulia.co\/fi\/","name":"Tuulia \u2013 healthy living + good vibes","isPartOf":{"@id":"https:\/\/tuulia.co\/fi\/#website"},"primaryImageOfPage":{"@id":"https:\/\/tuulia.co\/fi\/#primaryimage"},"image":{"@id":"https:\/\/tuulia.co\/fi\/#primaryimage"},"thumbnailUrl":"https:\/\/i0.wp.com\/tuulia.co\/wp-content\/uploads\/2016\/03\/etusivulle.jpg?fit=760%2C240&ssl=1","datePublished":"2014-06-22T15:11:44+00:00","dateModified":"2016-12-08T10:01:33+00:00","description":"Nourishing, gluten-free + vegetarian recipes & inspiration for balanced living.","breadcrumb":{"@id":"https:\/\/tuulia.co\/fi\/#breadcrumb"},"inLanguage":"fi","potentialAction":[{"@type":"ReadAction","target":["https:\/\/tuulia.co\/fi\/"]}]},{"@type":"ImageObject","inLanguage":"fi","@id":"https:\/\/tuulia.co\/fi\/#primaryimage","url":"https:\/\/i0.wp.com\/tuulia.co\/wp-content\/uploads\/2016\/03\/etusivulle.jpg?fit=760%2C240&ssl=1","contentUrl":"https:\/\/i0.wp.com\/tuulia.co\/wp-content\/uploads\/2016\/03\/etusivulle.jpg?fit=760%2C240&ssl=1","width":760,"height":240},{"@type":"BreadcrumbList","@id":"https:\/\/tuulia.co\/fi\/#breadcrumb","itemListElement":[{"@type":"ListItem","position":1,"name":"Home","item":"https:\/\/tuulia.co\/fi\/"},{"@type":"ListItem","position":2,"name":"Home"}]},{"@type":"WebSite","@id":"https:\/\/tuulia.co\/fi\/#website","url":"https:\/\/tuulia.co\/fi\/","name":"Tuulia","description":"healthy living + good vibes","potentialAction":[{"@type":"SearchAction","target":{"@type":"EntryPoint","urlTemplate":"https:\/\/tuulia.co\/fi\/?s={search_term_string}"},"query-input":"required name=search_term_string"}],"inLanguage":"fi"}]}},"jetpack_shortlink":"https:\/\/wp.me\/P7j1YI-9","jetpack_sharing_enabled":true,"_links":{"self":[{"href":"https:\/\/tuulia.co\/fi\/wp-json\/wp\/v2\/pages\/9","targetHints":{"allow":["GET"]}}],"collection":[{"href":"https:\/\/tuulia.co\/fi\/wp-json\/wp\/v2\/pages"}],"about":[{"href":"https:\/\/tuulia.co\/fi\/wp-json\/wp\/v2\/types\/page"}],"author":[{"embeddable":true,"href":"https:\/\/tuulia.co\/fi\/wp-json\/wp\/v2\/users\/1"}],"replies":[{"embeddable":true,"href":"https:\/\/tuulia.co\/fi\/wp-json\/wp\/v2\/comments?post=9"}],"version-history":[{"count":0,"href":"https:\/\/tuulia.co\/fi\/wp-json\/wp\/v2\/pages\/9\/revisions"}],"wp:featuredmedia":[{"embeddable":true,"href":"https:\/\/tuulia.co\/fi\/wp-json\/wp\/v2\/media\/3812"}],"wp:attachment":[{"href":"https:\/\/tuulia.co\/fi\/wp-json\/wp\/v2\/media?parent=9"}],"curies":[{"name":"wp","href":"https:\/\/api.w.org\/{rel}","templated":true}]}}